{"id":99,"date":"2021-09-09T14:51:53","date_gmt":"2021-09-09T14:51:53","guid":{"rendered":"https:\/\/ariellawgroup.com\/?page_id=99"},"modified":"2025-05-27T08:46:16","modified_gmt":"2025-05-27T08:46:16","slug":"community-involvement","status":"publish","type":"page","link":"https:\/\/ariellawgroup.com\/es\/about-us\/community-involvement\/","title":{"rendered":"Participaci\u00f3n comunitaria"},"content":{"rendered":"<p>The <strong>Firma de abogados Ariel<\/strong> En la Firma de abogados Ariel nos esmeramos en hacer las cosas bien para los clientes en la sala del tribunal; sin embargo, nuestra preocupaci\u00f3n por la comunidad va m\u00e1s all\u00e1 de la puerta del tribunal. Creemos en la retribuci\u00f3n para la gente de Los \u00c1ngeles y el Valle de Coachella, y como empresa, alentamos a nuestros empleados a participar en el trabajo pro bono y esfuerzos comunitarios.<\/p>\n<p>A continuaci\u00f3n se muestran algunos ejemplos de proyectos con los que hemos apoyado a la comunidad.<\/p>","protected":false},"excerpt":{"rendered":"<p>The Ariel Law Group fights to make things right for clients in the courtroom, but our concern for our community does not start at the courtroom door. We believe in giving back to the people of Los Angeles and the Coachella Valley, and as a firm, we encourage our employees to be involved in pro [&hellip;]<\/p>\n","protected":false},"author":5,"featured_media":0,"parent":14,"menu_order":0,"comment_status":"closed","ping_status":"closed","template":"","meta":{"footnotes":""},"class_list":["post-99","page","type-page","status-publish","hentry"],"acf":[],"yoast_head":"<!-- This site is optimized with the Yoast SEO plugin v27.4 - https:\/\/yoast.com\/product\/yoast-seo-wordpress\/ -->\n<title>Community Involvement - Ariel Law Group<\/title>\n<meta name=\"description\" content=\"At Ariel Law Group, we are committed to making a positive difference in our community. Learn how our law firm extends to community involvement initiatives. Call +1 888-888-2598\" \/>\n<meta name=\"robots\" content=\"index, follow, max-snippet:-1, max-image-preview:large, max-video-preview:-1\" \/>\n<link rel=\"canonical\" href=\"https:\/\/ariellawgroup.com\/es\/about-us\/community-involvement\/\" \/>\n<meta property=\"og:locale\" content=\"es_ES\" \/>\n<meta property=\"og:type\" content=\"article\" \/>\n<meta property=\"og:title\" content=\"Community Involvement - Ariel Law Group\" \/>\n<meta property=\"og:description\" content=\"At Ariel Law Group, we are committed to making a positive difference in our community. Learn how our law firm extends to community involvement initiatives. Call +1 888-888-2598\" \/>\n<meta property=\"og:url\" content=\"https:\/\/ariellawgroup.com\/es\/about-us\/community-involvement\/\" \/>\n<meta property=\"og:site_name\" content=\"Ariel Law Group\" \/>\n<meta property=\"article:modified_time\" content=\"2025-05-27T08:46:16+00:00\" \/>\n<meta name=\"twitter:card\" content=\"summary_large_image\" \/>\n<meta name=\"twitter:label1\" content=\"Tiempo de lectura\" \/>\n\t<meta name=\"twitter:data1\" content=\"1 minuto\" \/>\n<!-- \/ Yoast SEO plugin. -->","yoast_head_json":{"title":"Community Involvement - Ariel Law Group","description":"At Ariel Law Group, we are committed to making a positive difference in our community. Learn how our law firm extends to community involvement initiatives. Call +1 888-888-2598","robots":{"index":"index","follow":"follow","max-snippet":"max-snippet:-1","max-image-preview":"max-image-preview:large","max-video-preview":"max-video-preview:-1"},"canonical":"https:\/\/ariellawgroup.com\/es\/about-us\/community-involvement\/","og_locale":"es_ES","og_type":"article","og_title":"Community Involvement - Ariel Law Group","og_description":"At Ariel Law Group, we are committed to making a positive difference in our community. Learn how our law firm extends to community involvement initiatives. Call +1 888-888-2598","og_url":"https:\/\/ariellawgroup.com\/es\/about-us\/community-involvement\/","og_site_name":"Ariel Law Group","article_modified_time":"2025-05-27T08:46:16+00:00","twitter_card":"summary_large_image","twitter_misc":{"Tiempo de lectura":"1 minuto"},"schema":{"@context":"https:\/\/schema.org","@graph":[{"@type":"WebPage","@id":"https:\/\/ariellawgroup.com\/about-us\/community-involvement\/","url":"https:\/\/ariellawgroup.com\/about-us\/community-involvement\/","name":"Community Involvement - Ariel Law Group","isPartOf":{"@id":"https:\/\/ariellawgroup.com\/#website"},"datePublished":"2021-09-09T14:51:53+00:00","dateModified":"2025-05-27T08:46:16+00:00","description":"At Ariel Law Group, we are committed to making a positive difference in our community. Learn how our law firm extends to community involvement initiatives. Call +1 888-888-2598","breadcrumb":{"@id":"https:\/\/ariellawgroup.com\/about-us\/community-involvement\/#breadcrumb"},"inLanguage":"es","potentialAction":[{"@type":"ReadAction","target":["https:\/\/ariellawgroup.com\/about-us\/community-involvement\/"]}]},{"@type":"BreadcrumbList","@id":"https:\/\/ariellawgroup.com\/about-us\/community-involvement\/#breadcrumb","itemListElement":[{"@type":"ListItem","position":1,"name":"Home","item":"https:\/\/ariellawgroup.com\/"},{"@type":"ListItem","position":2,"name":"About Us","item":"https:\/\/ariellawgroup.com\/about-us\/"},{"@type":"ListItem","position":3,"name":"Community Involvement"}]},{"@type":"WebSite","@id":"https:\/\/ariellawgroup.com\/#website","url":"https:\/\/ariellawgroup.com\/","name":"Firma de abogados Ariel","description":"Firma de abogados Ariel","potentialAction":[{"@type":"SearchAction","target":{"@type":"EntryPoint","urlTemplate":"https:\/\/ariellawgroup.com\/?s={search_term_string}"},"query-input":{"@type":"PropertyValueSpecification","valueRequired":true,"valueName":"search_term_string"}}],"inLanguage":"es"}]}},"_links":{"self":[{"href":"https:\/\/ariellawgroup.com\/es\/wp-json\/wp\/v2\/pages\/99","targetHints":{"allow":["GET"]}}],"collection":[{"href":"https:\/\/ariellawgroup.com\/es\/wp-json\/wp\/v2\/pages"}],"about":[{"href":"https:\/\/ariellawgroup.com\/es\/wp-json\/wp\/v2\/types\/page"}],"author":[{"embeddable":true,"href":"https:\/\/ariellawgroup.com\/es\/wp-json\/wp\/v2\/users\/5"}],"replies":[{"embeddable":true,"href":"https:\/\/ariellawgroup.com\/es\/wp-json\/wp\/v2\/comments?post=99"}],"version-history":[{"count":2,"href":"https:\/\/ariellawgroup.com\/es\/wp-json\/wp\/v2\/pages\/99\/revisions"}],"predecessor-version":[{"id":479,"href":"https:\/\/ariellawgroup.com\/es\/wp-json\/wp\/v2\/pages\/99\/revisions\/479"}],"up":[{"embeddable":true,"href":"https:\/\/ariellawgroup.com\/es\/wp-json\/wp\/v2\/pages\/14"}],"wp:attachment":[{"href":"https:\/\/ariellawgroup.com\/es\/wp-json\/wp\/v2\/media?parent=99"}],"curies":[{"name":"wp","href":"https:\/\/api.w.org\/{rel}","templated":true}]}}