{"id":751,"date":"2022-10-25T21:17:22","date_gmt":"2022-10-25T21:17:22","guid":{"rendered":"https:\/\/ariellawgroup.com\/practice-areas\/car-accident-injury-copy-6-copy\/"},"modified":"2024-01-27T05:41:55","modified_gmt":"2024-01-27T05:41:55","slug":"distracted-driving-accident-lawyer","status":"publish","type":"page","link":"https:\/\/ariellawgroup.com\/es\/practice-areas\/distracted-driving-accident-lawyer\/","title":{"rendered":"Best Distracted Driving Accident Lawyer in Los Angeles"},"content":{"rendered":"<h2><span class=\"red-text main-title\">Ariel Law Group luchar\u00e1 por<\/span>Your Rights In Distracted Driving Accident Cases<\/h2>\n<h3>Distracted Driving Accident Lawyer Serving California<\/h3>\n<p><span style=\"font-weight: 400;\">Whether someone texts, talks on the phone, applies makeup, or adjusts the controls on the dashboard, they take their mind off the road and make themselves more likely to be involved in an accident. The maximum amount of time drivers can safely divert their attention from the road is two seconds, yet drivers routinely attend to other things.<\/span><\/p>\n<p><span style=\"font-weight: 400;\">Texting, for example, takes an average of 5 seconds while driving and increases the risk of crashing by 23 times (NHTSA, 2018), while dialing a phone increases the chance of a crash by 12%. Many states prohibit texting or talking with a hand-held phone but even using a hands-free electronic device is four times more distracting than talking to an adult passenger (Driver\u2019s Alert, 2017).<\/span><\/p>\n<p><span style=\"font-weight: 400;\">While the phone is a major source of distraction, drivers have other distractions as well:<\/span><\/p>\n<ul>\n<li style=\"font-weight: 400;\" aria-level=\"1\"><span style=\"font-weight: 400;\">La interacci\u00f3n con aplicaciones de tel\u00e9fonos celulares como Snapchat, Pokemon Go o Waze puede alentar a las personas a prestar m\u00e1s atenci\u00f3n a las criaturas virtuales en la carretera informando las condiciones del tr\u00e1fico que mirando la carretera.<\/span><\/li>\n<li style=\"font-weight: 400;\" aria-level=\"1\"><span style=\"font-weight: 400;\">Atender a un ni\u00f1o puede distraer 12 veces m\u00e1s que hablar por tel\u00e9fono celular.<\/span><\/li>\n<li style=\"font-weight: 400;\" aria-level=\"1\"><span style=\"font-weight: 400;\">M\u00e1s del 80% de los conductores admiten comportamientos peligrosos mientras conducen, como cambiarse de ropa, conducir con el pie, pintarse las u\u00f1as o incluso afeitarse.<\/span><\/li>\n<li style=\"font-weight: 400;\" aria-level=\"1\"><span style=\"font-weight: 400;\">The most frequent (62%) cause of distracted driving crashes is being lost in thought or letting your mind wander (TeenSafe, 2018).<\/span><\/li>\n<li style=\"font-weight: 400;\" aria-level=\"1\"><span style=\"font-weight: 400;\">Driving while crying or visibly angry increased the risk of crashing by 10 times (Virginia Tech Transportation Institute, 2016).<\/span><\/li>\n<\/ul>\n<p><span style=\"font-weight: 400;\">La mayor\u00eda de estos comportamientos parecen bastante inocentes, pero los resultados pueden ser mortales. Si ha resultado lesionado por un conductor distra\u00eddo, Ariel Law Group luchar\u00e1 por un acuerdo justo para usted.<\/span><\/p>\n<p><i>*Unless otherwise noted, the statistics used were compiled <a href=\"https:\/\/driving-tests.org\/driving-statistics\/\" target=\"_blank\" rel=\"noopener\">here<\/a> from various sources<\/i><\/p>\n<h2><b>Do I need to hire a distracted driving accident lawyer?<\/b><\/h2>\n<p><span style=\"font-weight: 400;\">If you have an injury as a result of a distracted driving accident, the short answer is yes. In these cases, it\u2019s best to begin by consulting with a personal injury lawyer with experience dealing with distracted driving cases.\u00a0<\/span><\/p>\n<p><span style=\"font-weight: 400;\">Due to shock and other things that may be on your mind in the immediate aftermath of an accident, injuries aren\u2019t always immediately noticeable. They make take time to appear and when they do, they may cause debilitating pain. This is why it\u2019s crucial to speak with a personal injury lawyer about your options.\u00a0<\/span><\/p>\n<p><span style=\"font-weight: 400;\">If you\u2019ve been in a distracted driving accident that has affected your ability to work, required emergency medical care, or required hospitalization, it\u2019s time to speak to a California distracted driving lawyer.<\/span><\/p>\n<h2><b>What should I do after a distracted driving accident?<\/b><\/h2>\n<ul>\n<li style=\"font-weight: 400;\" aria-level=\"1\"><span style=\"font-weight: 400;\">Call 911 to request police officers and\/or emergency vehicles.<\/span><\/li>\n<li style=\"font-weight: 400;\" aria-level=\"1\"><span style=\"font-weight: 400;\">Busque atenci\u00f3n m\u00e9dica de inmediato.<\/span><\/li>\n<li style=\"font-weight: 400;\" aria-level=\"1\"><span style=\"font-weight: 400;\">Get information about the other parties involved in the accident.<\/span><\/li>\n<li style=\"font-weight: 400;\" aria-level=\"1\"><span style=\"font-weight: 400;\">Take photos of the vehicles, your injuries, and the injuries of others involved. Take photos of the scene as well, including traffic signals and street signs.<\/span><\/li>\n<li style=\"font-weight: 400;\" aria-level=\"1\"><span style=\"font-weight: 400;\">Do not sign any documents or give any statements to any insurance representative without first speaking to your lawyer.<\/span><\/li>\n<li style=\"font-weight: 400;\" aria-level=\"1\"><span style=\"font-weight: 400;\">Do not apologize. This can be used to prove that you were at fault, even if you were not.<\/span><\/li>\n<li style=\"font-weight: 400;\" aria-level=\"1\"><span style=\"font-weight: 400;\">Do not admit fault.<\/span><\/li>\n<li style=\"font-weight: 400;\" aria-level=\"1\"><span style=\"font-weight: 400;\">Keep all accident-related medical bills stored together in a secure place. These will be provided to your lawyer to help determine the financial compensation you are entitled to.<\/span><\/li>\n<li style=\"font-weight: 400;\" aria-level=\"1\"><span style=\"font-weight: 400;\">Contact and hire an experienced personal injury lawyer as soon as possible.\u00a0<\/span><\/li>\n<\/ul>\n<p><span style=\"font-weight: 400;\">Sticking to this checklist in the event of a distracted driving accident will help you ensure that your rights will be protected and you\u2019ll get the compensation you deserve.<\/span><\/p>\n<h2><b>Will I be able to get compensation even if I am partly to blame for the accident?<\/b><\/h2>\n<p><span style=\"font-weight: 400;\">Yes. California is a comparative negligence state, which means that any person involved in a vehicular accident might be responsible for a percentage of the blame.<\/span><\/p>\n<p><span style=\"font-weight: 400;\">As your distracted driving accident lawyer, part of our job is to prove that your negligence was as small as possible to ensure that you receive the compensation you deserve. The comparative negligence principle applies to most personal injury cases in California.<\/span><\/p>\n<h2><b>What types of compensation may I be entitled to?<\/b><\/h2>\n<ul>\n<li style=\"font-weight: 400;\" aria-level=\"1\"><span style=\"font-weight: 400;\">Past and future medical bills related to injuries sustained in the distracted driving accident. This includes hospital bills, ambulance bills, physical therapy, consultations with specialists, in-home care services, and psychiatric counseling<\/span><\/li>\n<li style=\"font-weight: 400;\" aria-level=\"1\"><span style=\"font-weight: 400;\">Past and future lost wages resulting from the accident.<\/span><\/li>\n<li style=\"font-weight: 400;\" aria-level=\"1\"><span style=\"font-weight: 400;\">Property damage. In the case of a distracted driving accident, this refers to compensation for the cost of repairing or replacing your vehicle.<\/span><\/li>\n<li style=\"font-weight: 400;\" aria-level=\"1\"><span style=\"font-weight: 400;\">Pain and suffering resulting from physical pain, emotional distress, mental anguish, and loss of consortium.\u00a0<\/span><\/li>\n<li style=\"font-weight: 400;\" aria-level=\"1\"><span style=\"font-weight: 400;\">Punitive damages if the accident was the result of malicious or willful actions.<\/span><\/li>\n<\/ul>\n<h2><b>What if I am undocumented and\/or don\u2019t speak English? Will that affect my distracted driving accident claim?<\/b><\/h2>\n<p><span style=\"font-weight: 400;\">No. According to California law, a person\u2019s immigration status cannot be used against them in civil cases. This includes distracted driving lawsuits.<\/span><\/p>\n<p><span style=\"font-weight: 400;\">In addition to this, our attorneys and staff are bilingual in English and Spanish so you can feel comfortable that we will understand the intricacies of your case and keep you informed about what is happening throughout the process.<\/span><\/p>\n<h2><strong>DISTRACTED DRIVING ACCIDENTS- FREQUENTLY ASKED QUESTIONS<\/strong><\/h2>\n<h3><strong>Distracted Driving-California Office of Traffic Safety<\/strong><\/h3>\n<p>The <a href=\"https:\/\/ariellawgroup.com\/es\/practice-areas\/distracted-driving-accident-lawyer\/distracted-driving-california-office-traffic-safety\/\">California Office of Traffic Safety<\/a> has suggested several preventative methods to lessen the likelihood of motor vehicle crashes. These measures include educating drivers on the dangers and risks associated with distracted driving, reducing driver distractions through technology and engineering, enforcing existing laws, and implementing new ones.<\/p>\n<h3><strong>How to avoid Distracted Driving while using GPS Navigation<\/strong><\/h3>\n<p>When using GPS navigation, it is essential to be aware of the potential hazards of not giving full attention to the road. <a href=\"https:\/\/ariellawgroup.com\/es\/practice-areas\/distracted-driving-accident-lawyer\/avoid-distracted-driving-with-gps-navigation\/\">Distracted driving while using GPS navigation<\/a> can cause a motorist to become involved in an accident or even lose their life due to becoming distracted by their GPS instead of concentrating on driving. To lessen the likelihood of this occurring, drivers should always plan their routes before leaving and turn off any distractions, such as phones or radios, until they are safely parked. If a motorist must use their GPS while driving, they should make sure they have adequate time for navigation and that it is set up before they leave so that modifications can be done without taking their eyes off the road for too long.<\/p>\n<h3><strong>Using Voice Assistants while Driving-is it safe?<\/strong><\/h3>\n<p><a href=\"https:\/\/ariellawgroup.com\/es\/practice-areas\/distracted-driving-accident-lawyer\/using-voice-assistants-while-driving-car\/\">Voice assistant while driving technology<\/a> has become increasingly prevalent in automobiles, raising concerns about the safety of using such systems while driving. Studies have shown that using voice assistants while driving can cause cognitive distractions that are just as dangerous as manual and visual distractions. Any activity that diverts the driver&#8217;s attention away from the task of properly driving is considered a mental distraction. It implies that even if a motorist does not take their hands off the wheel to fumble with a gadget, chatting with a voice assistant may cause them to be distracted from their surroundings.<\/p>\n<h2><b>Learn more about how Ariel Law Group can help you get the compensation you deserve.<\/b><\/h2>\n<p><span style=\"font-weight: 400;\">With 30 years of experience, we have won millions of dollars in compensation to help alleviate the staggering physical, emotional, and financial toll that accidents take on our clients. Our track record of success indicates we know how to fight for our clients.<\/span><\/p>\n<p><span style=\"font-weight: 400;\">Our team has a proven 98% success rate and you will not pay any fees until we win your case. <\/span><a href=\"https:\/\/ariellawgroup.com\/es\/contact-us\/\" target=\"_blank\" rel=\"noopener\"><span style=\"font-weight: 400;\">Contact us today for a free consultation<\/span><\/a><span style=\"font-weight: 400;\">.<\/span><\/p>","protected":false},"excerpt":{"rendered":"<p>Ariel Law Group Will Fight ForYour Rights In Distracted Driving Accident Cases Distracted Driving Accident Lawyer Serving California Whether someone texts, talks on the phone, applies makeup, or adjusts the controls on the dashboard, they take their mind off the road and make themselves more likely to be involved in an accident. The maximum amount [&hellip;]<\/p>\n","protected":false},"author":5,"featured_media":0,"parent":60,"menu_order":0,"comment_status":"closed","ping_status":"closed","template":"","meta":{"footnotes":""},"class_list":["post-751","page","type-page","status-publish","hentry"],"acf":[],"yoast_head":"<!-- This site is optimized with the Yoast SEO plugin v27.4 - https:\/\/yoast.com\/product\/yoast-seo-wordpress\/ -->\n<title>Best Distracted Driving Accident Lawyer in Los Angeles, California | Ariel Law Group<\/title>\n<meta name=\"description\" content=\"Ensure distracted drivers are held responsible with the assistance of Ariel Law Group. Our team of lawyers in Los Angeles will support and empower you to seek the compensation you rightfully deserve\" \/>\n<meta name=\"robots\" content=\"index, follow, max-snippet:-1, max-image-preview:large, max-video-preview:-1\" \/>\n<link rel=\"canonical\" href=\"https:\/\/ariellawgroup.com\/es\/practice-areas\/distracted-driving-accident-lawyer\/\" \/>\n<meta property=\"og:locale\" content=\"es_ES\" \/>\n<meta property=\"og:type\" content=\"article\" \/>\n<meta property=\"og:title\" content=\"Best Distracted Driving Accident Lawyer in Los Angeles, California | Ariel Law Group\" \/>\n<meta property=\"og:description\" content=\"Ensure distracted drivers are held responsible with the assistance of Ariel Law Group. Our team of lawyers in Los Angeles will support and empower you to seek the compensation you rightfully deserve\" \/>\n<meta property=\"og:url\" content=\"https:\/\/ariellawgroup.com\/es\/practice-areas\/distracted-driving-accident-lawyer\/\" \/>\n<meta property=\"og:site_name\" content=\"Ariel Law Group\" \/>\n<meta property=\"article:modified_time\" content=\"2024-01-27T05:41:55+00:00\" \/>\n<meta name=\"twitter:card\" content=\"summary_large_image\" \/>\n<meta name=\"twitter:label1\" content=\"Tiempo de lectura\" \/>\n\t<meta name=\"twitter:data1\" content=\"6 minutos\" \/>\n<!-- \/ Yoast SEO plugin. -->","yoast_head_json":{"title":"Best Distracted Driving Accident Lawyer in Los Angeles, California | Ariel Law Group","description":"Ensure distracted drivers are held responsible with the assistance of Ariel Law Group. Our team of lawyers in Los Angeles will support and empower you to seek the compensation you rightfully deserve","robots":{"index":"index","follow":"follow","max-snippet":"max-snippet:-1","max-image-preview":"max-image-preview:large","max-video-preview":"max-video-preview:-1"},"canonical":"https:\/\/ariellawgroup.com\/es\/practice-areas\/distracted-driving-accident-lawyer\/","og_locale":"es_ES","og_type":"article","og_title":"Best Distracted Driving Accident Lawyer in Los Angeles, California | Ariel Law Group","og_description":"Ensure distracted drivers are held responsible with the assistance of Ariel Law Group. Our team of lawyers in Los Angeles will support and empower you to seek the compensation you rightfully deserve","og_url":"https:\/\/ariellawgroup.com\/es\/practice-areas\/distracted-driving-accident-lawyer\/","og_site_name":"Ariel Law Group","article_modified_time":"2024-01-27T05:41:55+00:00","twitter_card":"summary_large_image","twitter_misc":{"Tiempo de lectura":"6 minutos"},"schema":{"@context":"https:\/\/schema.org","@graph":[{"@type":"WebPage","@id":"https:\/\/ariellawgroup.com\/practice-areas\/distracted-driving-accident-lawyer\/","url":"https:\/\/ariellawgroup.com\/practice-areas\/distracted-driving-accident-lawyer\/","name":"Best Distracted Driving Accident Lawyer in Los Angeles, California | Ariel Law Group","isPartOf":{"@id":"https:\/\/ariellawgroup.com\/#website"},"datePublished":"2022-10-25T21:17:22+00:00","dateModified":"2024-01-27T05:41:55+00:00","description":"Ensure distracted drivers are held responsible with the assistance of Ariel Law Group. Our team of lawyers in Los Angeles will support and empower you to seek the compensation you rightfully deserve","breadcrumb":{"@id":"https:\/\/ariellawgroup.com\/practice-areas\/distracted-driving-accident-lawyer\/#breadcrumb"},"inLanguage":"es","potentialAction":[{"@type":"ReadAction","target":["https:\/\/ariellawgroup.com\/practice-areas\/distracted-driving-accident-lawyer\/"]}]},{"@type":"BreadcrumbList","@id":"https:\/\/ariellawgroup.com\/practice-areas\/distracted-driving-accident-lawyer\/#breadcrumb","itemListElement":[{"@type":"ListItem","position":1,"name":"Home","item":"https:\/\/ariellawgroup.com\/"},{"@type":"ListItem","position":2,"name":"Practice Areas","item":"https:\/\/ariellawgroup.com\/practice-areas\/"},{"@type":"ListItem","position":3,"name":"Best Distracted Driving Accident Lawyer in Los Angeles"}]},{"@type":"WebSite","@id":"https:\/\/ariellawgroup.com\/#website","url":"https:\/\/ariellawgroup.com\/","name":"Firma de abogados Ariel","description":"Firma de abogados Ariel","potentialAction":[{"@type":"SearchAction","target":{"@type":"EntryPoint","urlTemplate":"https:\/\/ariellawgroup.com\/?s={search_term_string}"},"query-input":{"@type":"PropertyValueSpecification","valueRequired":true,"valueName":"search_term_string"}}],"inLanguage":"es"}]}},"_links":{"self":[{"href":"https:\/\/ariellawgroup.com\/es\/wp-json\/wp\/v2\/pages\/751","targetHints":{"allow":["GET"]}}],"collection":[{"href":"https:\/\/ariellawgroup.com\/es\/wp-json\/wp\/v2\/pages"}],"about":[{"href":"https:\/\/ariellawgroup.com\/es\/wp-json\/wp\/v2\/types\/page"}],"author":[{"embeddable":true,"href":"https:\/\/ariellawgroup.com\/es\/wp-json\/wp\/v2\/users\/5"}],"replies":[{"embeddable":true,"href":"https:\/\/ariellawgroup.com\/es\/wp-json\/wp\/v2\/comments?post=751"}],"version-history":[{"count":8,"href":"https:\/\/ariellawgroup.com\/es\/wp-json\/wp\/v2\/pages\/751\/revisions"}],"predecessor-version":[{"id":1450,"href":"https:\/\/ariellawgroup.com\/es\/wp-json\/wp\/v2\/pages\/751\/revisions\/1450"}],"up":[{"embeddable":true,"href":"https:\/\/ariellawgroup.com\/es\/wp-json\/wp\/v2\/pages\/60"}],"wp:attachment":[{"href":"https:\/\/ariellawgroup.com\/es\/wp-json\/wp\/v2\/media?parent=751"}],"curies":[{"name":"wp","href":"https:\/\/api.w.org\/{rel}","templated":true}]}}