{"id":748,"date":"2022-10-25T20:51:18","date_gmt":"2022-10-25T20:51:18","guid":{"rendered":"https:\/\/ariellawgroup.com\/practice-areas\/car-accident-injury-copy-6\/"},"modified":"2025-12-18T13:28:01","modified_gmt":"2025-12-18T21:28:01","slug":"reckless-driving-lawyer","status":"publish","type":"page","link":"https:\/\/ariellawgroup.com\/es\/practice-areas\/reckless-driving-lawyer\/","title":{"rendered":"Best Reckless Driving Lawyer in Los Angeles"},"content":{"rendered":"<h2><span class=\"red-text main-title\">Ariel Law Group luchar\u00e1 por<\/span>Your Rights In\u00a0 Reckless Driving Accident Cases<\/h2>\n<h3>Reckless Driving Lawyer Serving California<\/h3>\n<p><span style=\"font-weight: 400;\">Accidents seldom occur when people are driving along on a nice day, focused on the road, following all traffic rules, and unimpaired by lack of sleep, drugs, or alcohol. Unfortunately, factors such as reckless driving, distracted driving, and impaired driving often play a part in accidents. If you are involved in an accident with a reckless driver, it&#8217;s crucial to enlist the help of a reckless driving lawyer.<\/span><\/p>\n<p><span style=\"font-weight: 400;\">La conducci\u00f3n imprudente puede supone un par de conductores desplaz\u00e1ndose a toda velocidad por una calle p\u00fablica, pero la mayor\u00eda de las veces implica:<\/span><\/p>\n<ul>\n<li style=\"font-weight: 400;\" aria-level=\"1\"><span style=\"font-weight: 400;\">Not adhering to stop signs or traffic lights.<\/span><\/li>\n<li style=\"font-weight: 400;\" aria-level=\"1\"><span style=\"font-weight: 400;\">Swerving into oncoming traffic.<\/span><\/li>\n<li style=\"font-weight: 400;\" aria-level=\"1\"><span style=\"font-weight: 400;\">Driving onto sidewalks or other areas not intended for motor vehicle operation.<\/span><\/li>\n<li style=\"font-weight: 400;\" aria-level=\"1\"><span style=\"font-weight: 400;\">Weaving, tailgating, or unsafe passing.<\/span><\/li>\n<li style=\"font-weight: 400;\" aria-level=\"1\"><span style=\"font-weight: 400;\">Speeding a certain number of miles over the speed limit (15 in California).<\/span><\/li>\n<\/ul>\n<p><span style=\"font-weight: 400;\">Ya sea intencional o no, el comportamiento imprudente puede provocar accidentes, especialmente cuando otros conductores perciben el comportamiento como intencional y responden de manera agresiva.<\/span><\/p>\n<p><span style=\"font-weight: 400;\">If you have been injured by a reckless driver, the attorneys at the Ariel Law Group can advise and help you.<\/span><\/p>\n<p><i>*Unless otherwise noted, the statistics used were compiled <a href=\"https:\/\/driving-tests.org\/driving-statistics\/\" target=\"_blank\" rel=\"noopener\">here<\/a> from various sources<\/i><\/p>\n<p><b>Do I need to hire a reckless driving lawyer?<\/b><\/p>\n<p><span style=\"font-weight: 400;\">If you have an injury as a result of a reckless driving accident, the short answer is yes. In these cases, it\u2019s best to begin by consulting with a personal injury lawyer with experience dealing with reckless driving cases.\u00a0<\/span><\/p>\n<p><span style=\"font-weight: 400;\">Due to shock and other things that may be on your mind in the immediate aftermath of an accident, injuries aren\u2019t always immediately noticeable. They make take time to appear and when they do, they may cause debilitating pain. This is why it\u2019s crucial to speak with a personal injury lawyer about your options.\u00a0<\/span><\/p>\n<p><span style=\"font-weight: 400;\">If you\u2019ve been in a reckless driving accident that has affected your ability to work, required emergency medical care, or required hospitalization, it\u2019s time to speak to a California personal injury lawyer.<\/span><\/p>\n<h2><b>What should I do after a reckless driving accident?<\/b><\/h2>\n<ul>\n<li style=\"font-weight: 400;\" aria-level=\"1\"><span style=\"font-weight: 400;\">Call 911 to request police officers and\/or emergency vehicles.<\/span><\/li>\n<li style=\"font-weight: 400;\" aria-level=\"1\"><span style=\"font-weight: 400;\">Busque atenci\u00f3n m\u00e9dica de inmediato.<\/span><\/li>\n<li style=\"font-weight: 400;\" aria-level=\"1\"><span style=\"font-weight: 400;\">Get information about the other parties involved in the accident.<\/span><\/li>\n<li style=\"font-weight: 400;\" aria-level=\"1\"><span style=\"font-weight: 400;\">Take photos of the vehicles, your injuries, and the injuries of others involved. Take photos of the scene as well, including traffic signals and street signs.<\/span><\/li>\n<li style=\"font-weight: 400;\" aria-level=\"1\"><span style=\"font-weight: 400;\">Do not sign any documents or give any statements to any insurance representative without first speaking to your lawyer.<\/span><\/li>\n<li style=\"font-weight: 400;\" aria-level=\"1\"><span style=\"font-weight: 400;\">Do not apologize. This can be used to prove that you were at fault, even if you were not.<\/span><\/li>\n<li style=\"font-weight: 400;\" aria-level=\"1\"><span style=\"font-weight: 400;\">Do not admit fault.<\/span><\/li>\n<li style=\"font-weight: 400;\" aria-level=\"1\"><span style=\"font-weight: 400;\">Keep all accident-related medical bills stored together in a secure place. These will be provided to your lawyer to help determine the financial compensation you are entitled to.<\/span><\/li>\n<li style=\"font-weight: 400;\" aria-level=\"1\"><span style=\"font-weight: 400;\">Contact and hire an experienced personal injury lawyer as soon as possible.\u00a0<\/span><\/li>\n<\/ul>\n<p><span style=\"font-weight: 400;\">Sticking to this checklist in the event of a reckless driving accident will help you ensure that your rights will be protected and you\u2019ll get the compensation you deserve.<\/span><\/p>\n<h2><b>Will I be able to get compensation even if I am partly to blame for the accident?<\/b><\/h2>\n<p><span style=\"font-weight: 400;\">Yes. California is a comparative negligence state, which means that any person involved in a vehicular accident might be responsible for a percentage of the blame.<\/span><\/p>\n<p><span style=\"font-weight: 400;\">As your personal injury lawyer, part of our job is to prove that your negligence was as small as possible to ensure that you receive the compensation you deserve. The comparative negligence principle applies to most personal injury cases in California.<\/span><\/p>\n<h2><b>What types of compensation may I be entitled to?<\/b><\/h2>\n<ul>\n<li style=\"font-weight: 400;\" aria-level=\"1\"><span style=\"font-weight: 400;\">Past and future medical bills related to injuries sustained in the reckless driving accident. This includes hospital bills, ambulance bills, physical therapy, consultations with specialists, in-home care services, and psychiatric counseling.<\/span><\/li>\n<li style=\"font-weight: 400;\" aria-level=\"1\"><span style=\"font-weight: 400;\">Past and future lost wages resulting from the accident.<\/span><\/li>\n<li style=\"font-weight: 400;\" aria-level=\"1\"><span style=\"font-weight: 400;\">Property damage. In the case of a reckless driving accident, this refers to compensation for the cost of repairing or replacing your vehicle.<\/span><\/li>\n<li style=\"font-weight: 400;\" aria-level=\"1\"><span style=\"font-weight: 400;\">Pain and suffering resulting from physical pain, emotional distress, mental anguish, and loss of consortium.\u00a0<\/span><\/li>\n<li style=\"font-weight: 400;\" aria-level=\"1\"><span style=\"font-weight: 400;\">Punitive damages if the accident was the result of malicious or willful actions.<\/span><\/li>\n<\/ul>\n<h2><b>What if I am undocumented and\/or don\u2019t speak English? Will that affect my reckless driving accident claim?<\/b><\/h2>\n<p><span style=\"font-weight: 400;\">No. According to California law, a person\u2019s immigration status cannot be used against them in civil cases. This includes reckless driving lawsuits.<\/span><\/p>\n<p><span style=\"font-weight: 400;\">In addition to this, our attorneys and staff are bilingual in English and Spanish so you can feel comfortable that we will understand the intricacies of your case and keep you informed about what is happening throughout the process.<\/span><\/p>\n<h2><b>Learn more about how Ariel Law Group can help you get the compensation you deserve.<\/b><\/h2>\n<p><span style=\"font-weight: 400;\">With 30 years of experience, we have won millions of dollars in compensation to help alleviate the staggering physical, emotional, and financial toll that accidents take on our clients. Our track record of success indicates we know how to fight for our clients.<\/span><\/p>\n<p><span style=\"font-weight: 400;\">Our team has a proven 98% success rate and you will not pay any fees until we win your case. <\/span><a href=\"https:\/\/ariellawgroup.com\/es\/contact-us\/\" target=\"_blank\" rel=\"noopener\"><span style=\"font-weight: 400;\">Contact us today for a free consultation<\/span><\/a><span style=\"font-weight: 400;\">.<\/span><\/p>\n<h2><strong>RECKLESS DRIVING ACCIDENTS- FREQUENTLY ASKED QUESTIONS<\/strong><\/h2>\n<h3><strong>How long does a Car Accident Settlement take in California?<\/strong><\/h3>\n<p>The duration of time it takes to resolve an automobile accident in California might vary greatly depending on the case&#8217;s complexity.Generally, if both parties can agree on a settlement amount without involving an insurance company or court proceedings, the process may be completed relatively quickly. Nevertheless, if the parties dispute or an insurance company is involved, it may take longer for a settlement to be achieved. A resolution might take months or even years in some cases. Most <a href=\"https:\/\/ariellawgroup.com\/es\/practice-areas\/reckless-driving-lawyer\/car-accident-case-settlement-in-california\/\">car accident settlements in California<\/a> involve negotiations between the parties and their respective attorneys. During this process, each side will present evidence and arguments in support of their position and attempt to reach an agreement that is satisfactory to both sides.<\/p>","protected":false},"excerpt":{"rendered":"<p>Ariel Law Group Will Fight ForYour Rights In\u00a0 Reckless Driving Accident Cases Reckless Driving Lawyer Serving California Accidents seldom occur when people are driving along on a nice day, focused on the road, following all traffic rules, and unimpaired by lack of sleep, drugs, or alcohol. Unfortunately, factors such as reckless driving, distracted driving, and [&hellip;]<\/p>\n","protected":false},"author":5,"featured_media":0,"parent":60,"menu_order":0,"comment_status":"closed","ping_status":"closed","template":"","meta":{"footnotes":""},"class_list":["post-748","page","type-page","status-publish","hentry"],"acf":[],"yoast_head":"<!-- This site is optimized with the Yoast SEO plugin v27.3 - https:\/\/yoast.com\/product\/yoast-seo-wordpress\/ -->\n<title>Best Reckless Driving Lawyer in Los Angeles, California | Ariel Law Group<\/title>\n<meta name=\"description\" content=\"At Ariel Law Group, our Reckless Driving Lawyer Los Angeles stands up against reckless drivers and works to ensure a safer community for all. Call +1 888-888-2598\" \/>\n<meta name=\"robots\" content=\"index, follow, max-snippet:-1, max-image-preview:large, max-video-preview:-1\" \/>\n<link rel=\"canonical\" href=\"https:\/\/ariellawgroup.com\/es\/practice-areas\/reckless-driving-lawyer\/\" \/>\n<meta property=\"og:locale\" content=\"es_ES\" \/>\n<meta property=\"og:type\" content=\"article\" \/>\n<meta property=\"og:title\" content=\"Best Reckless Driving Lawyer in Los Angeles, California | Ariel Law Group\" \/>\n<meta property=\"og:description\" content=\"At Ariel Law Group, our Reckless Driving Lawyer Los Angeles stands up against reckless drivers and works to ensure a safer community for all. Call +1 888-888-2598\" \/>\n<meta property=\"og:url\" content=\"https:\/\/ariellawgroup.com\/es\/practice-areas\/reckless-driving-lawyer\/\" \/>\n<meta property=\"og:site_name\" content=\"Ariel Law Group\" \/>\n<meta property=\"article:modified_time\" content=\"2025-12-18T21:28:01+00:00\" \/>\n<meta name=\"twitter:card\" content=\"summary_large_image\" \/>\n<meta name=\"twitter:label1\" content=\"Tiempo de lectura\" \/>\n\t<meta name=\"twitter:data1\" content=\"5 minutos\" \/>\n<!-- \/ Yoast SEO plugin. -->","yoast_head_json":{"title":"Best Reckless Driving Lawyer in Los Angeles, California | Ariel Law Group","description":"At Ariel Law Group, our Reckless Driving Lawyer Los Angeles stands up against reckless drivers and works to ensure a safer community for all. Call +1 888-888-2598","robots":{"index":"index","follow":"follow","max-snippet":"max-snippet:-1","max-image-preview":"max-image-preview:large","max-video-preview":"max-video-preview:-1"},"canonical":"https:\/\/ariellawgroup.com\/es\/practice-areas\/reckless-driving-lawyer\/","og_locale":"es_ES","og_type":"article","og_title":"Best Reckless Driving Lawyer in Los Angeles, California | Ariel Law Group","og_description":"At Ariel Law Group, our Reckless Driving Lawyer Los Angeles stands up against reckless drivers and works to ensure a safer community for all. Call +1 888-888-2598","og_url":"https:\/\/ariellawgroup.com\/es\/practice-areas\/reckless-driving-lawyer\/","og_site_name":"Ariel Law Group","article_modified_time":"2025-12-18T21:28:01+00:00","twitter_card":"summary_large_image","twitter_misc":{"Tiempo de lectura":"5 minutos"},"schema":{"@context":"https:\/\/schema.org","@graph":[{"@type":"WebPage","@id":"https:\/\/ariellawgroup.com\/practice-areas\/reckless-driving-lawyer\/","url":"https:\/\/ariellawgroup.com\/practice-areas\/reckless-driving-lawyer\/","name":"Best Reckless Driving Lawyer in Los Angeles, California | Ariel Law Group","isPartOf":{"@id":"https:\/\/ariellawgroup.com\/#website"},"datePublished":"2022-10-25T20:51:18+00:00","dateModified":"2025-12-18T21:28:01+00:00","description":"At Ariel Law Group, our Reckless Driving Lawyer Los Angeles stands up against reckless drivers and works to ensure a safer community for all. Call +1 888-888-2598","breadcrumb":{"@id":"https:\/\/ariellawgroup.com\/practice-areas\/reckless-driving-lawyer\/#breadcrumb"},"inLanguage":"es","potentialAction":[{"@type":"ReadAction","target":["https:\/\/ariellawgroup.com\/practice-areas\/reckless-driving-lawyer\/"]}]},{"@type":"BreadcrumbList","@id":"https:\/\/ariellawgroup.com\/practice-areas\/reckless-driving-lawyer\/#breadcrumb","itemListElement":[{"@type":"ListItem","position":1,"name":"Home","item":"https:\/\/ariellawgroup.com\/"},{"@type":"ListItem","position":2,"name":"Practice Areas","item":"https:\/\/ariellawgroup.com\/practice-areas\/"},{"@type":"ListItem","position":3,"name":"Best Reckless Driving Lawyer in Los Angeles"}]},{"@type":"WebSite","@id":"https:\/\/ariellawgroup.com\/#website","url":"https:\/\/ariellawgroup.com\/","name":"Firma de abogados Ariel","description":"Firma de abogados Ariel","potentialAction":[{"@type":"SearchAction","target":{"@type":"EntryPoint","urlTemplate":"https:\/\/ariellawgroup.com\/?s={search_term_string}"},"query-input":{"@type":"PropertyValueSpecification","valueRequired":true,"valueName":"search_term_string"}}],"inLanguage":"es"}]}},"_links":{"self":[{"href":"https:\/\/ariellawgroup.com\/es\/wp-json\/wp\/v2\/pages\/748","targetHints":{"allow":["GET"]}}],"collection":[{"href":"https:\/\/ariellawgroup.com\/es\/wp-json\/wp\/v2\/pages"}],"about":[{"href":"https:\/\/ariellawgroup.com\/es\/wp-json\/wp\/v2\/types\/page"}],"author":[{"embeddable":true,"href":"https:\/\/ariellawgroup.com\/es\/wp-json\/wp\/v2\/users\/5"}],"replies":[{"embeddable":true,"href":"https:\/\/ariellawgroup.com\/es\/wp-json\/wp\/v2\/comments?post=748"}],"version-history":[{"count":7,"href":"https:\/\/ariellawgroup.com\/es\/wp-json\/wp\/v2\/pages\/748\/revisions"}],"predecessor-version":[{"id":1455,"href":"https:\/\/ariellawgroup.com\/es\/wp-json\/wp\/v2\/pages\/748\/revisions\/1455"}],"up":[{"embeddable":true,"href":"https:\/\/ariellawgroup.com\/es\/wp-json\/wp\/v2\/pages\/60"}],"wp:attachment":[{"href":"https:\/\/ariellawgroup.com\/es\/wp-json\/wp\/v2\/media?parent=748"}],"curies":[{"name":"wp","href":"https:\/\/api.w.org\/{rel}","templated":true}]}}