{"id":746,"date":"2022-10-25T20:34:03","date_gmt":"2022-10-25T20:34:03","guid":{"rendered":"https:\/\/ariellawgroup.com\/practice-areas\/car-accident-injury-copy-5\/"},"modified":"2025-06-03T12:20:24","modified_gmt":"2025-06-03T12:20:24","slug":"motorcycle-accident-lawyer","status":"publish","type":"page","link":"https:\/\/ariellawgroup.com\/es\/practice-areas\/motorcycle-accident-lawyer\/","title":{"rendered":"Motorcycle Accident Lawyers in Los Angeles, CA"},"content":{"rendered":"<h2><span class=\"red-text main-title\">Ariel Law Group luchar\u00e1 por<\/span>Your Rights In Motorcycle Accident Cases<\/h2>\n<h3>Motorcycle Accident Lawyer Serving California<\/h3>\n<p><span style=\"font-weight: 400;\">Driving a motorcycle is an economical way to get to work and an enjoyable way to soak in California weather and scenery, but this activity proved deadly for almost 500 people in 2019. (Nationwide, our state is second only to Florida in motorcycle fatalities). Recent statistics show that the number of motorcycle fatalities per mile traveled was nearly 27 times the number of car fatalities per mile traveled (IIHS, 2018). If you find yourself in a motorcycle accident, your best course of action is to hire an experienced motorcycle accident attorney to make sure you the help you need.<\/span><\/p>\n<p><span style=\"font-weight: 400;\">Whereas car accidents lead to injury or death about 20% of the time, 80% of motorcycle crashes result in injury or death (NHTSA, 2003).<\/span><\/p>\n<p><span style=\"font-weight: 400;\">Estad\u00edsticamente, si se lesiona en un accidente de motocicleta, hay mucho en juego para usted, independientemente de qui\u00e9n haya causado el accidente. Incluso si cojea con su vida, es posible que tenga lesiones graves que requieran atenci\u00f3n m\u00e9dica costosa y afecten su capacidad para trabajar.<\/span><\/p>\n<p><span style=\"font-weight: 400;\">Los abogados de lesiones personales de Ariel Law Group son los defensores formidables que desea que luchen por usted despu\u00e9s de un accidente de motocicleta.<\/span><\/p>\n<p><i>*Unless otherwise noted, the statistics used were compiled <a href=\"https:\/\/driving-tests.org\/driving-statistics\/\" target=\"_blank\" rel=\"noopener\">here<\/a> from various sources<\/i><\/p>\n<h2><b>Do I need to hire a motorcycle accident lawyer?<\/b><\/h2>\n<p><span style=\"font-weight: 400;\">If you\u2019ve sustained an injury due to a motorcycle accident, the short answer is yes. In these cases, it\u2019s best to begin by consulting with a motorcycle accident lawyer.\u00a0<\/span><\/p>\n<p><span style=\"font-weight: 400;\">Due to shock and other things that may be on your mind in the immediate aftermath of a motorcycle accident, injuries aren\u2019t always immediately noticeable. They make take time to appear and when they do, they may cause debilitating pain. This is why it\u2019s crucial to speak with a motorcycle accident lawyer about your options.\u00a0<\/span><\/p>\n<p><span style=\"font-weight: 400;\">If you\u2019ve been in a motorcycle accident that has affected your ability to work, required emergency medical care, or required hospitalization, it\u2019s time to speak to a California motorcycle accident lawyer.<\/span><\/p>\n<h2><b>What should I do if I am in a motorcycle accident?<\/b><\/h2>\n<p><span style=\"font-weight: 400;\">If you are in a motorcycle accident, here is what you should do.<\/span><\/p>\n<ul>\n<li style=\"font-weight: 400;\"><span style=\"font-weight: 400;\">If you can, call 911 or ask a witness to do it for you.<\/span><\/li>\n<li style=\"font-weight: 400;\"><span style=\"font-weight: 400;\">Seek immediate medical attention.<\/span><\/li>\n<li style=\"font-weight: 400;\"><span style=\"font-weight: 400;\">Get contact information about anyone involved in the accident including the name, license plate, and insurance information of the driver(s) involved.<\/span><\/li>\n<li style=\"font-weight: 400;\"><span style=\"font-weight: 400;\">Take photos of the vehicles, your injuries, and the injuries of others involved. Take photos of the scene as well, including traffic signals and street signs.<\/span><\/li>\n<li style=\"font-weight: 400;\"><span style=\"font-weight: 400;\">Do not sign any documents or give any statements to any insurance representative without first speaking to a motorcycle accident lawyer.<\/span><\/li>\n<li style=\"font-weight: 400;\"><span style=\"font-weight: 400;\">Do not apologize. This can be used to prove that you were at fault, even if you were not.<\/span><\/li>\n<li style=\"font-weight: 400;\"><span style=\"font-weight: 400;\">Do not admit fault.<\/span><\/li>\n<li style=\"font-weight: 400;\"><span style=\"font-weight: 400;\">If questioned by a police officer about what happened, do not guess. Only tell the officer what you know happened for certain.<\/span><\/li>\n<li style=\"font-weight: 400;\"><span style=\"font-weight: 400;\">Keep all accident-related medical bills stored together in a secure place. These will be provided to your lawyer to help determine the financial compensation you are entitled to.<\/span><\/li>\n<li style=\"font-weight: 400;\"><span style=\"font-weight: 400;\">Contact and hire an experienced motorcycle accident lawyer as soon as possible.\u00a0<\/span><\/li>\n<\/ul>\n<p><span style=\"font-weight: 400;\">Sticking to this checklist in the event of a motorcycle accident will help you ensure that your rights will be protected and you\u2019ll get the help you need.<\/span><\/p>\n<h2><b>Will I be able to get compensation even if I am partly to blame for the accident?<\/b><\/h2>\n<p><span style=\"font-weight: 400;\">Yes. California is a comparative negligence state, which means that any person involved in an accident might be responsible for a percentage of the blame.<\/span><\/p>\n<p><span style=\"font-weight: 400;\">As your motorcycle accident lawyer, part of our job is to prove that your negligence was as small as possible to ensure that you receive the compensation you deserve. The comparative negligence principle applies to most personal injury cases in California.<\/span><\/p>\n<h2><b>I wasn\u2019t wearing a helmet. Can I file a claim?<\/b><\/h2>\n<p><span style=\"font-weight: 400;\">Yes. Just keep in mind that because of comparative negligence, you will be held partially responsible for your injuries due to not wearing a helmet. According to California law, all motorcycle riders must wear a helmet. If you failed to wear one when your accident occurred, this will be used to minimize your claim.<\/span><\/p>\n<p><span style=\"font-weight: 400;\">However, you should still consult with an experienced California motorcycle accident lawyer as soon as possible. At Ariel Law Group, we offer free consultations to help you understand what your options are for protecting your rights.<\/span><\/p>\n<h2><b>What types of compensation may I be entitled to?<\/b><\/h2>\n<ul>\n<li style=\"font-weight: 400;\" aria-level=\"1\"><span style=\"font-weight: 400;\">Past and future medical bills related to injuries sustained in the motorcycle accident, including hospital bills, ambulance bills, physical therapy, consultations with specialists, in-home care services, and psychiatric counseling<\/span><\/li>\n<li style=\"font-weight: 400;\" aria-level=\"1\"><span style=\"font-weight: 400;\">Past and future lost wages resulting from the accident.<\/span><\/li>\n<li style=\"font-weight: 400;\" aria-level=\"1\"><span style=\"font-weight: 400;\">Property damage. In the case of a motorcycle accident, this refers to compensation for the cost of damage to your motorcycle and any other property.<\/span><\/li>\n<li style=\"font-weight: 400;\" aria-level=\"1\"><span style=\"font-weight: 400;\">Pain and suffering resulting from physical pain, emotional distress, mental anguish, and loss of consortium.\u00a0<\/span><\/li>\n<li style=\"font-weight: 400;\" aria-level=\"1\"><span style=\"font-weight: 400;\">Punitive damages if the accident was the result of malicious or willful actions.<\/span><\/li>\n<\/ul>\n<h2><b>What if I am undocumented and\/or don\u2019t speak English? Will that affect my motorcycle accident claim?<\/b><\/h2>\n<p><span style=\"font-weight: 400;\">No. According to California law, a person\u2019s immigration status cannot be used against them in civil cases. This includes motorcycle accident lawsuits.<\/span><\/p>\n<p><span style=\"font-weight: 400;\">In addition to this, our attorneys and staff are bilingual in English and Spanish so you can feel comfortable that we will understand the intricacies of your case and keep you informed about what is happening throughout the process.<\/span><\/p>\n<h2><b>I lost a loved one in a motorcycle accident. What are my options?<\/b><\/h2>\n<p><span style=\"font-weight: 400;\">Yes. In this situation, you will be able to file a claim as the next of kin. You may file a wrongful death claim against the parties responsible for the accident that caused your loved one\u2019s death.<\/span><\/p>\n<p><span style=\"font-weight: 400;\">We know that when you lose a loved one, money will not make up for your loss. However, it\u2019s important to hold those responsible accountable. In many cases of wrongful death, the person who has died is their family\u2019s provider, and their death can often leave their family with an economic burden. Getting the restitution your family deserves can help ease this burden during a time of emotional turmoil.<\/span><\/p>\n<h2><strong>MOTORCYCLE ACCIDENTS- FREQUENTLY ASKED QUESTIONS<\/strong><\/h2>\n<h3><strong>Motorcycling in California: An Enjoyable Pursuit or Hazard?<\/strong><\/h3>\n<p>In California, motorcycling presents a dichotomy of being both <a href=\"https:\/\/ariellawgroup.com\/es\/practice-areas\/motorcycle-accident-lawyer\/motorcycling-in-california\/\">an enjoyable pursuit and a potential hazard<\/a>. The appeal of the open road on two wheels is undeniable, as it offers riders freedom and exhilaration. But with that comes risks; motorcycle accidents are more frequent than car collisions due to their inherent instability and exposure to other vehicles. Motorcyclists are significantly disadvantaged in safety equipment compared to car drivers; beyond helmets, they need more protection from the elements or other traffic on the roads.<\/p>\n<h3><strong>What Should You Do After a Motorcycle Accident in California?<\/strong><\/h3>\n<p>Following a <a href=\"https:\/\/ariellawgroup.com\/es\/practice-areas\/motorcycle-accident-lawyer\/motorcycle-accident-in-california\/\">collision involving a motorized vehicle accident in California<\/a>, taking specific steps to protect legal rights and ensure safety is essential. The initial step is to stay at the accident site and exchange contact information with any drivers or passengers involved. Report the incident; this will enable police officers to investigate and document any potential violations of traffic laws that may have caused or contributed to the accident. Obtain medical attention immediately following the crash, even if symptoms do not appear immediately; some injuries might become more apparent over time. It is also recommended that persons involved in an accident photograph both automobiles as well as any other property damage that may have happened during the collision.<\/p>\n<h3><strong>The 7 Common Causes of Motorcycle Accidents and How to Avoid Them?<\/strong><\/h3>\n<p>Motorized vehicle collisions can be devastating, and understanding <a href=\"https:\/\/ariellawgroup.com\/es\/practice-areas\/motorcycle-accident-lawyer\/motorcycle-accidents-how-to-avoid\/\">the most common causes of motorcycle accidents is essential for prevention<\/a>. Motorcycle accidents are no exception, as riders face more significant risks due to their limited protection. National Highway Traffic Safety Administration (NHTSA) has identified seven key causes of motorcycle accidents. These include rider behavior, vehicle factors, environmental factors, alcohol\/drug use, pre-existing medical conditions, roadway design, construction errors, and improper licensing or registration issues.<\/p>\n<h2><b>Learn more about how Ariel Law Group can help you get the compensation you deserve.<\/b><\/h2>\n<p><span style=\"font-weight: 400;\">With 30 years of experience, we have won millions of dollars in compensation to help alleviate the staggering physical, emotional, and financial toll that accidents take on our clients. Our track record of success indicates we know how to fight for our clients.<\/span><\/p>\n<p><span style=\"font-weight: 400;\">Our team has a proven 98% success rate and you will not pay any fees until we win your case. <\/span><a href=\"https:\/\/ariellawgroup.com\/es\/contact-us\/\" target=\"_blank\" rel=\"noopener\"><span style=\"font-weight: 400;\">Contact us today for a free consultation<\/span><\/a><span style=\"font-weight: 400;\">.<\/span><\/p>\n<p><iframe loading=\"lazy\" style=\"border: 0;\" src=\"https:\/\/www.google.com\/maps\/embed?pb=!1m18!1m12!1m3!1d3306.4160602598395!2d-118.45177699999999!3d34.033197!2m3!1f0!2f0!3f0!3m2!1i1024!2i768!4f13.1!3m3!1m2!1s0x80c2bb1272347c51%3A0x7cf1125d4330d9ca!2sAriel%20Law%20Group!5e0!3m2!1sen!2sus!4v1748430138658!5m2!1sen!2sus\" width=\"100%\" height=\"300\" allowfullscreen=\"allowfullscreen\"><span data-mce-type=\"bookmark\" style=\"display: inline-block; width: 0px; overflow: hidden; line-height: 0;\" class=\"mce_SELRES_start\"><\/span><\/iframe><\/p>","protected":false},"excerpt":{"rendered":"<p>Ariel Law Group Will Fight ForYour Rights In Motorcycle Accident Cases Motorcycle Accident Lawyer Serving California Driving a motorcycle is an economical way to get to work and an enjoyable way to soak in California weather and scenery, but this activity proved deadly for almost 500 people in 2019. (Nationwide, our state is second only [&hellip;]<\/p>\n","protected":false},"author":5,"featured_media":0,"parent":60,"menu_order":0,"comment_status":"closed","ping_status":"closed","template":"","meta":{"footnotes":""},"class_list":["post-746","page","type-page","status-publish","hentry"],"acf":[],"yoast_head":"<!-- This site is optimized with the Yoast SEO plugin v27.4 - https:\/\/yoast.com\/product\/yoast-seo-wordpress\/ -->\n<title>Best Motorcycle Accident Lawyers in Los Angeles, CA<\/title>\n<meta name=\"description\" content=\"Looking for the top motorcycle accident lawyer in Los Angeles? Skilled personal injury attorneys dedicated to winning your case and securing maximum compensation.\" \/>\n<meta name=\"robots\" content=\"index, follow, max-snippet:-1, max-image-preview:large, max-video-preview:-1\" \/>\n<link rel=\"canonical\" href=\"https:\/\/ariellawgroup.com\/es\/practice-areas\/motorcycle-accident-lawyer\/\" \/>\n<meta property=\"og:locale\" content=\"es_ES\" \/>\n<meta property=\"og:type\" content=\"article\" \/>\n<meta property=\"og:title\" content=\"Best Motorcycle Accident Lawyers in Los Angeles, CA\" \/>\n<meta property=\"og:description\" content=\"Looking for the top motorcycle accident lawyer in Los Angeles? Skilled personal injury attorneys dedicated to winning your case and securing maximum compensation.\" \/>\n<meta property=\"og:url\" content=\"https:\/\/ariellawgroup.com\/es\/practice-areas\/motorcycle-accident-lawyer\/\" \/>\n<meta property=\"og:site_name\" content=\"Ariel Law Group\" \/>\n<meta property=\"article:modified_time\" content=\"2025-06-03T12:20:24+00:00\" \/>\n<meta name=\"twitter:card\" content=\"summary_large_image\" \/>\n<meta name=\"twitter:label1\" content=\"Tiempo de lectura\" \/>\n\t<meta name=\"twitter:data1\" content=\"7 minutos\" \/>\n<!-- \/ Yoast SEO plugin. -->","yoast_head_json":{"title":"Best Motorcycle Accident Lawyers in Los Angeles, CA","description":"Looking for the top motorcycle accident lawyer in Los Angeles? Skilled personal injury attorneys dedicated to winning your case and securing maximum compensation.","robots":{"index":"index","follow":"follow","max-snippet":"max-snippet:-1","max-image-preview":"max-image-preview:large","max-video-preview":"max-video-preview:-1"},"canonical":"https:\/\/ariellawgroup.com\/es\/practice-areas\/motorcycle-accident-lawyer\/","og_locale":"es_ES","og_type":"article","og_title":"Best Motorcycle Accident Lawyers in Los Angeles, CA","og_description":"Looking for the top motorcycle accident lawyer in Los Angeles? Skilled personal injury attorneys dedicated to winning your case and securing maximum compensation.","og_url":"https:\/\/ariellawgroup.com\/es\/practice-areas\/motorcycle-accident-lawyer\/","og_site_name":"Ariel Law Group","article_modified_time":"2025-06-03T12:20:24+00:00","twitter_card":"summary_large_image","twitter_misc":{"Tiempo de lectura":"7 minutos"},"schema":{"@context":"https:\/\/schema.org","@graph":[{"@type":"WebPage","@id":"https:\/\/ariellawgroup.com\/practice-areas\/motorcycle-accident-lawyer\/","url":"https:\/\/ariellawgroup.com\/practice-areas\/motorcycle-accident-lawyer\/","name":"Best Motorcycle Accident Lawyers in Los Angeles, CA","isPartOf":{"@id":"https:\/\/ariellawgroup.com\/#website"},"datePublished":"2022-10-25T20:34:03+00:00","dateModified":"2025-06-03T12:20:24+00:00","description":"Looking for the top motorcycle accident lawyer in Los Angeles? Skilled personal injury attorneys dedicated to winning your case and securing maximum compensation.","breadcrumb":{"@id":"https:\/\/ariellawgroup.com\/practice-areas\/motorcycle-accident-lawyer\/#breadcrumb"},"inLanguage":"es","potentialAction":[{"@type":"ReadAction","target":["https:\/\/ariellawgroup.com\/practice-areas\/motorcycle-accident-lawyer\/"]}]},{"@type":"BreadcrumbList","@id":"https:\/\/ariellawgroup.com\/practice-areas\/motorcycle-accident-lawyer\/#breadcrumb","itemListElement":[{"@type":"ListItem","position":1,"name":"Home","item":"https:\/\/ariellawgroup.com\/"},{"@type":"ListItem","position":2,"name":"Practice Areas","item":"https:\/\/ariellawgroup.com\/practice-areas\/"},{"@type":"ListItem","position":3,"name":"Motorcycle Accident Lawyers in Los Angeles, CA"}]},{"@type":"WebSite","@id":"https:\/\/ariellawgroup.com\/#website","url":"https:\/\/ariellawgroup.com\/","name":"Firma de abogados Ariel","description":"Firma de abogados Ariel","potentialAction":[{"@type":"SearchAction","target":{"@type":"EntryPoint","urlTemplate":"https:\/\/ariellawgroup.com\/?s={search_term_string}"},"query-input":{"@type":"PropertyValueSpecification","valueRequired":true,"valueName":"search_term_string"}}],"inLanguage":"es"}]}},"_links":{"self":[{"href":"https:\/\/ariellawgroup.com\/es\/wp-json\/wp\/v2\/pages\/746","targetHints":{"allow":["GET"]}}],"collection":[{"href":"https:\/\/ariellawgroup.com\/es\/wp-json\/wp\/v2\/pages"}],"about":[{"href":"https:\/\/ariellawgroup.com\/es\/wp-json\/wp\/v2\/types\/page"}],"author":[{"embeddable":true,"href":"https:\/\/ariellawgroup.com\/es\/wp-json\/wp\/v2\/users\/5"}],"replies":[{"embeddable":true,"href":"https:\/\/ariellawgroup.com\/es\/wp-json\/wp\/v2\/comments?post=746"}],"version-history":[{"count":8,"href":"https:\/\/ariellawgroup.com\/es\/wp-json\/wp\/v2\/pages\/746\/revisions"}],"predecessor-version":[{"id":1562,"href":"https:\/\/ariellawgroup.com\/es\/wp-json\/wp\/v2\/pages\/746\/revisions\/1562"}],"up":[{"embeddable":true,"href":"https:\/\/ariellawgroup.com\/es\/wp-json\/wp\/v2\/pages\/60"}],"wp:attachment":[{"href":"https:\/\/ariellawgroup.com\/es\/wp-json\/wp\/v2\/media?parent=746"}],"curies":[{"name":"wp","href":"https:\/\/api.w.org\/{rel}","templated":true}]}}