{"id":70,"date":"2021-09-07T01:43:47","date_gmt":"2021-09-07T01:43:47","guid":{"rendered":"https:\/\/ariellawgroup.com\/?page_id=70"},"modified":"2023-10-30T07:29:38","modified_gmt":"2023-10-30T07:29:38","slug":"workers-compensation","status":"publish","type":"page","link":"https:\/\/ariellawgroup.com\/es\/practice-areas\/workers-compensation\/","title":{"rendered":"Compensaci\u00f3n al trabajador"},"content":{"rendered":"<h2><span class=\"red-text main-title\">\u00bfPor qu\u00e9 necesita un abogado para manejar<\/span>Your Workers\u2019 Compensation Claim<\/h2>\n<div class=\"divider\"><\/div>\n<div class=\"embed-responsive embed-responsive-16by9 mb-4\"><iframe class=\"embed-responsive-item\" src=\"https:\/\/player.vimeo.com\/video\/586482660?embedparameter=value\" frameborder=\"0\"><\/iframe><\/div>\n<div><\/div>\n<div>\n<p>You suffered an injury while working. All you need to do now is notify your employer and file a claim. Within no time, you\u2019ll start receiving benefits. Unfortunately, this is far from what happens in the real world.<\/p>\n<p class=\"extra-padding\">It\u2019s true; under California\u2019s workers\u2019 compensation laws, most workers are entitled to workplace benefits if they are injured or ill on the job. However, rules, deadlines, pushback from employers, and myriad other hurdles often get in the way of receiving the benefits employees are entitled to. That\u2019s where we come in.<\/p>\n<h2 class=\"translation-block\">Abogados experimentados que\n            <span class=\"red-text\">conocen las reglas y los procedimientos<\/span><\/h2>\n<div class=\"divider\"><\/div>\n<p>At Ariel Law Group, we help workers in Los Angeles and throughout Southern California with all aspects of the workers\u2019 compensation process.<\/p>\n<p>Desde oficinas hasta trabajadores de la construcci\u00f3n y restaurantes, tenemos:<\/p>\n<ul>\n<li>Ayudar a los empleados a presentar reclamaciones iniciales<\/li>\n<li>Trabajo con hospitales, m\u00e9dicos y otro personal sanitario<\/li>\n<li>Negociaci\u00f3n con compa\u00f1\u00edas de seguros<\/li>\n<li>Handled denied workers\u2019 comp claims<\/li>\n<\/ul>\n<p><img loading=\"lazy\" decoding=\"async\" class=\"alignnone size-large wp-image-361\" src=\"https:\/\/ariellawgroup.com\/wp-content\/uploads\/2022\/07\/workers-image-1024x683.jpg\" alt=\"\" width=\"1024\" height=\"683\" srcset=\"https:\/\/ariellawgroup.com\/wp-content\/uploads\/2022\/07\/workers-image-1024x683.jpg 1024w, https:\/\/ariellawgroup.com\/wp-content\/uploads\/2022\/07\/workers-image-300x200.jpg 300w, https:\/\/ariellawgroup.com\/wp-content\/uploads\/2022\/07\/workers-image-768x512.jpg 768w, https:\/\/ariellawgroup.com\/wp-content\/uploads\/2022\/07\/workers-image-1536x1024.jpg 1536w, https:\/\/ariellawgroup.com\/wp-content\/uploads\/2022\/07\/workers-image-18x12.jpg 18w, https:\/\/ariellawgroup.com\/wp-content\/uploads\/2022\/07\/workers-image.jpg 1800w\" sizes=\"auto, (max-width: 1024px) 100vw, 1024px\" \/><\/p>\n<h2 class=\"translation-block\">Estamos a su disposici\u00f3n\n            <span class=\"red-text\">para cualquier consulta<\/span><\/h2>\n<div class=\"divider\"><\/div>\n<p>If you are hesitant about filing a workers\u2019 comp claim or have questions about your specific circumstance, we invite you to call our office to schedule a free consultation to discuss your injury.<\/p>\n<p>No le costar\u00e1 nada preguntar. Siempre ofrecemos consultas gratuitas.<\/p>\n<p>Don\u2019t delay. There is a small window of time to file a claim in California.<\/p>\n<p>At Ariel Law Group, we have a team of experienced and competent attorneys who specialize in vehicular Worker\u2019s Compensation law.<\/p>\n<\/div>","protected":false},"excerpt":{"rendered":"<p>Why You Need A Lawyer To HandleYour Workers\u2019 Compensation Claim You suffered an injury while working. All you need to do now is notify your employer and file a claim. Within no time, you\u2019ll start receiving benefits. Unfortunately, this is far from what happens in the real world. It\u2019s true; under California\u2019s workers\u2019 compensation laws, [&hellip;]<\/p>\n","protected":false},"author":5,"featured_media":0,"parent":60,"menu_order":0,"comment_status":"closed","ping_status":"closed","template":"","meta":{"footnotes":""},"class_list":["post-70","page","type-page","status-publish","hentry"],"acf":[],"yoast_head":"<!-- This site is optimized with the Yoast SEO plugin v27.4 - https:\/\/yoast.com\/product\/yoast-seo-wordpress\/ -->\n<title>Workers Compensation Lawyer in Los Angeles | Ariel Law Group<\/title>\n<meta name=\"description\" content=\"Ariel Law Group serves as a legal expert at work when it comes to workers&#039; compensation. Our Workers&#039; Compensation lawyers fight for the rights and fair compensation of workers.\" \/>\n<meta name=\"robots\" content=\"index, follow, max-snippet:-1, max-image-preview:large, max-video-preview:-1\" \/>\n<link rel=\"canonical\" href=\"https:\/\/ariellawgroup.com\/es\/practice-areas\/workers-compensation\/\" \/>\n<meta property=\"og:locale\" content=\"es_ES\" \/>\n<meta property=\"og:type\" content=\"article\" \/>\n<meta property=\"og:title\" content=\"Workers Compensation Lawyer in Los Angeles | Ariel Law Group\" \/>\n<meta property=\"og:description\" content=\"Ariel Law Group serves as a legal expert at work when it comes to workers&#039; compensation. Our Workers&#039; Compensation lawyers fight for the rights and fair compensation of workers.\" \/>\n<meta property=\"og:url\" content=\"https:\/\/ariellawgroup.com\/es\/practice-areas\/workers-compensation\/\" \/>\n<meta property=\"og:site_name\" content=\"Ariel Law Group\" \/>\n<meta property=\"article:modified_time\" content=\"2023-10-30T07:29:38+00:00\" \/>\n<meta property=\"og:image\" content=\"https:\/\/ariellawgroup.com\/wp-content\/uploads\/2022\/07\/workers-image-1024x683.jpg\" \/>\n<meta name=\"twitter:card\" content=\"summary_large_image\" \/>\n<meta name=\"twitter:label1\" content=\"Tiempo de lectura\" \/>\n\t<meta name=\"twitter:data1\" content=\"2 minutos\" \/>\n<!-- \/ Yoast SEO plugin. -->","yoast_head_json":{"title":"Workers Compensation Lawyer in Los Angeles | Ariel Law Group","description":"Ariel Law Group serves as a legal expert at work when it comes to workers' compensation. Our Workers' Compensation lawyers fight for the rights and fair compensation of workers.","robots":{"index":"index","follow":"follow","max-snippet":"max-snippet:-1","max-image-preview":"max-image-preview:large","max-video-preview":"max-video-preview:-1"},"canonical":"https:\/\/ariellawgroup.com\/es\/practice-areas\/workers-compensation\/","og_locale":"es_ES","og_type":"article","og_title":"Workers Compensation Lawyer in Los Angeles | Ariel Law Group","og_description":"Ariel Law Group serves as a legal expert at work when it comes to workers' compensation. Our Workers' Compensation lawyers fight for the rights and fair compensation of workers.","og_url":"https:\/\/ariellawgroup.com\/es\/practice-areas\/workers-compensation\/","og_site_name":"Ariel Law Group","article_modified_time":"2023-10-30T07:29:38+00:00","og_image":[{"url":"https:\/\/ariellawgroup.com\/wp-content\/uploads\/2022\/07\/workers-image-1024x683.jpg","type":"","width":"","height":""}],"twitter_card":"summary_large_image","twitter_misc":{"Tiempo de lectura":"2 minutos"},"schema":{"@context":"https:\/\/schema.org","@graph":[{"@type":"WebPage","@id":"https:\/\/ariellawgroup.com\/practice-areas\/workers-compensation\/","url":"https:\/\/ariellawgroup.com\/practice-areas\/workers-compensation\/","name":"Workers Compensation Lawyer in Los Angeles | Ariel Law Group","isPartOf":{"@id":"https:\/\/ariellawgroup.com\/#website"},"primaryImageOfPage":{"@id":"https:\/\/ariellawgroup.com\/practice-areas\/workers-compensation\/#primaryimage"},"image":{"@id":"https:\/\/ariellawgroup.com\/practice-areas\/workers-compensation\/#primaryimage"},"thumbnailUrl":"https:\/\/ariellawgroup.com\/wp-content\/uploads\/2022\/07\/workers-image-1024x683.jpg","datePublished":"2021-09-07T01:43:47+00:00","dateModified":"2023-10-30T07:29:38+00:00","description":"Ariel Law Group serves as a legal expert at work when it comes to workers' compensation. Our Workers' Compensation lawyers fight for the rights and fair compensation of workers.","breadcrumb":{"@id":"https:\/\/ariellawgroup.com\/practice-areas\/workers-compensation\/#breadcrumb"},"inLanguage":"es","potentialAction":[{"@type":"ReadAction","target":["https:\/\/ariellawgroup.com\/practice-areas\/workers-compensation\/"]}]},{"@type":"ImageObject","inLanguage":"es","@id":"https:\/\/ariellawgroup.com\/practice-areas\/workers-compensation\/#primaryimage","url":"https:\/\/ariellawgroup.com\/wp-content\/uploads\/2022\/07\/workers-image-1024x683.jpg","contentUrl":"https:\/\/ariellawgroup.com\/wp-content\/uploads\/2022\/07\/workers-image-1024x683.jpg"},{"@type":"BreadcrumbList","@id":"https:\/\/ariellawgroup.com\/practice-areas\/workers-compensation\/#breadcrumb","itemListElement":[{"@type":"ListItem","position":1,"name":"Home","item":"https:\/\/ariellawgroup.com\/"},{"@type":"ListItem","position":2,"name":"Practice Areas","item":"https:\/\/ariellawgroup.com\/practice-areas\/"},{"@type":"ListItem","position":3,"name":"Workers\u2019 Compensation"}]},{"@type":"WebSite","@id":"https:\/\/ariellawgroup.com\/#website","url":"https:\/\/ariellawgroup.com\/","name":"Firma de abogados Ariel","description":"Firma de abogados Ariel","potentialAction":[{"@type":"SearchAction","target":{"@type":"EntryPoint","urlTemplate":"https:\/\/ariellawgroup.com\/?s={search_term_string}"},"query-input":{"@type":"PropertyValueSpecification","valueRequired":true,"valueName":"search_term_string"}}],"inLanguage":"es"}]}},"_links":{"self":[{"href":"https:\/\/ariellawgroup.com\/es\/wp-json\/wp\/v2\/pages\/70","targetHints":{"allow":["GET"]}}],"collection":[{"href":"https:\/\/ariellawgroup.com\/es\/wp-json\/wp\/v2\/pages"}],"about":[{"href":"https:\/\/ariellawgroup.com\/es\/wp-json\/wp\/v2\/types\/page"}],"author":[{"embeddable":true,"href":"https:\/\/ariellawgroup.com\/es\/wp-json\/wp\/v2\/users\/5"}],"replies":[{"embeddable":true,"href":"https:\/\/ariellawgroup.com\/es\/wp-json\/wp\/v2\/comments?post=70"}],"version-history":[{"count":7,"href":"https:\/\/ariellawgroup.com\/es\/wp-json\/wp\/v2\/pages\/70\/revisions"}],"predecessor-version":[{"id":362,"href":"https:\/\/ariellawgroup.com\/es\/wp-json\/wp\/v2\/pages\/70\/revisions\/362"}],"up":[{"embeddable":true,"href":"https:\/\/ariellawgroup.com\/es\/wp-json\/wp\/v2\/pages\/60"}],"wp:attachment":[{"href":"https:\/\/ariellawgroup.com\/es\/wp-json\/wp\/v2\/media?parent=70"}],"curies":[{"name":"wp","href":"https:\/\/api.w.org\/{rel}","templated":true}]}}