{"id":68,"date":"2021-09-07T01:42:55","date_gmt":"2021-09-07T01:42:55","guid":{"rendered":"https:\/\/ariellawgroup.com\/?page_id=68"},"modified":"2025-10-20T12:12:21","modified_gmt":"2025-10-20T12:12:21","slug":"premises-liability","status":"publish","type":"page","link":"https:\/\/ariellawgroup.com\/es\/practice-areas\/premises-liability\/","title":{"rendered":"Best Premises Liability Lawyers in Los Angeles"},"content":{"rendered":"<h2><span class=\"red-text main-title\">Compensaci\u00f3n por da\u00f1os a la propiedad:<\/span> \u00bfTiene un caso?<\/h2>\n<p>At Ariel Law Group, our Los Angeles premises liability lawyers represent injury victims throughout Southern California who have been injured on someone else&#8217;s property due to unsafe conditions. Whether you were hurt in a slip and fall accident, injured due to inadequate security, attacked by a dog, harmed in a swimming pool accident, or suffered any injury caused by a property owner&#8217;s negligence, our experienced legal team fights for maximum compensation.<\/p>\n<div class=\"divider\"><\/div>\n<div class=\"embed-responsive embed-responsive-16by9 mb-4\"><iframe class=\"embed-responsive-item\" src=\"https:\/\/player.vimeo.com\/video\/586447003?embedparameter=value\" frameborder=\"0\"><\/iframe><\/div>\n<p>When you visit a retail store, grocery store, restaurant, bar, hotel, or golf course, you expect that the property will be free of hazards that could cause you harm. Managers or owners of these types of properties, as well as of public or governmental buildings, have a responsibility to maintain their property so that it is safe for customers, visitors, and employees.<\/p>\n<p>Si una propiedad es insegura, defectuosa o peligrosa y alguien se lesiona, el due\u00f1o de la propiedad puede ser responsable de los da\u00f1os seg\u00fan la teor\u00eda de la responsabilidad de las instalaciones.<\/p>\n<p class=\"extra-padding\">Ariel Law Group puede ayudarlo a determinar si las lesiones que sufre en propiedad comercial o p\u00fablica podr\u00edan darle derecho a una compensaci\u00f3n. <a href=\"https:\/\/ariellawgroup.com\/es\/contact-us\/\">C<\/a><a href=\"https:\/\/ariellawgroup.com\/es\/contact-us\/\">ontact our Los Angeles office today to learn more.\u00a0<\/a><\/p>\n<h2 class=\"translation-block\">\u00bfQu\u00e9 constituye una\n            <span class=\"red-text\">condici\u00f3n peligrosa?<\/span><\/h2>\n<div class=\"divider\"><\/div>\n<p>There are countless hazardous conditions found on different types of property that can cause injury. The most common injuries that premises liability lawyers occur from:<\/p>\n<ul>\n<li><strong>Superficies resbaladizas<\/strong><br \/>\ncomo agua estancada o recipientes abiertos de comida en el piso del pasillo de una tienda de comestibles<\/li>\n<li><strong>Mala seguridad<\/strong><br \/>\nresultante de la falta de iluminaci\u00f3n en escaleras o estacionamientos<\/li>\n<li><strong>Ascensores o escaleras defectuosos,<\/strong><br \/>\nincluidas las escaleras mec\u00e1nicas en un centro comercial u hotel<\/li>\n<li><strong>Humos t\u00f3xicos<\/strong><br \/>\ncomo fugas de gas natural en un espacio p\u00fablico en construcci\u00f3n<\/li>\n<\/ul>\n<h2 class=\"translation-block\">Determinaci\u00f3n de\n            <span class=\"red-text\">la responsabilidad<\/span><\/h2>\n<div class=\"divider\"><\/div>\n<p>Because the law is complex, not all conditions that cause injury will constitute liability. If you or a loved one have been injured on any type of premises, the best way to determine if a property owner or property manager is liable under the law is to reach out to our team of experienced premises liability lawyers.<\/p>\n<p>When you visit a business, a public building, or even a church, you have the responsibility to be careful and proceed appropriately. If you slip and fall on a wet floor where a warning sign that warns \u201cWet Floor. Slippery when Wet\u201d was posted, liability for your injuries may not fall on the property owner. The same is true if you walked into an area closed to the public and tripped over items stored there, or you were drunk and stumbled down a well-lit staircase. As with most accident cases, the opposing side will attempt to prove that you were responsible for your injuries.<\/p>\n<p>Our job as premises liability lawyers is to determine what happened and build a case in your favor. After discussing what happened in detail, we will advise you of your potential legal recourse and compensation available.<\/p>\n<p><img loading=\"lazy\" decoding=\"async\" class=\"alignnone size-large wp-image-351\" src=\"https:\/\/ariellawgroup.com\/wp-content\/uploads\/2022\/07\/promses-liability-image-1024x683.jpg\" alt=\"\" width=\"1024\" height=\"683\" srcset=\"https:\/\/ariellawgroup.com\/wp-content\/uploads\/2022\/07\/promses-liability-image-1024x683.jpg 1024w, https:\/\/ariellawgroup.com\/wp-content\/uploads\/2022\/07\/promses-liability-image-300x200.jpg 300w, https:\/\/ariellawgroup.com\/wp-content\/uploads\/2022\/07\/promses-liability-image-768x512.jpg 768w, https:\/\/ariellawgroup.com\/wp-content\/uploads\/2022\/07\/promses-liability-image-1536x1024.jpg 1536w, https:\/\/ariellawgroup.com\/wp-content\/uploads\/2022\/07\/promses-liability-image-18x12.jpg 18w, https:\/\/ariellawgroup.com\/wp-content\/uploads\/2022\/07\/promses-liability-image.jpg 1800w\" sizes=\"auto, (max-width: 1024px) 100vw, 1024px\" \/><\/p>\n<h2 class=\"translation-block\">Abogados experimentados\n            <span class=\"red-text\">dispuestos a luchar por usted<\/span><\/h2>\n<p>En Ariel Law Group, nuestro equipo de abogados ha manejado muchos casos en Los \u00c1ngeles y el sur de California relacionados con lesiones a la propiedad. Hemos ayudado a personas en muchas situaciones diferentes a recuperar una compensaci\u00f3n para pagar los gastos m\u00e9dicos, la fisioterapia, el dolor y el sufrimiento, y m\u00e1s.<\/p>\n<p>Las personas perjudicadas por la negligencia de otros merecen justicia. Con d\u00e9cadas de experiencia combinada, lucharemos para conseguirle el dinero que necesita y merece. <a href=\"https:\/\/ariellawgroup.com\/es\/contact-us\/\">Contact us today to learn how Ariel Law Group&#8217;s premises liability lawyers can help you.<\/a><\/p>\n<h2><strong>PREMISES LIABILITY- FREQUENTLY ASKED QUESTIONS<\/strong><\/h2>\n<h3><strong>What is the California law on premises liability?<\/strong><\/h3>\n<p>In <a href=\"https:\/\/ariellawgroup.com\/es\/practice-areas\/premises-liability\/california-law-premises-liability\/\">California law on premises liability<\/a>, property owners must abide by regulations regarding the responsibility for injuries suffered on their premises. It is known as premises liability. If it can be demonstrated that the harm was caused by either carelessness or a dangerous condition on the property, a property owner is accountable for any damage caused to an individual who was legally present on the owner&#8217;s property. Failure occurs when a person fails to exercise reasonable care in managing their premises and results in harm to another party. Dangerous conditions include anything that could cause damage, such as broken steps, uneven pavement, slippery floors, etc. They may be caused by natural elements or objects left unattended by the owner.<\/p>\n<h3><strong>Who can I Sue in a Premises Liability Claim?<\/strong><\/h3>\n<p>A premises liability claim may allow for the pursuit of legal action against specific individuals. A plaintiff may be entitled to sue a property owner or occupier, such as a company or a homeowner, depending on the circumstances. Sometimes, the individual responsible for managing or maintaining the property in question can be <a href=\"https:\/\/ariellawgroup.com\/es\/practice-areas\/premises-liability\/premises-liability-injury-claim\/\">sued for a premises liability claim<\/a>. Additionally, if an employee&#8217;s negligence resulted in an injury while performing their job duties, their employer could face legal consequences. The circumstances of the case will determine the amount to which each person is accountable and whether it fits under California&#8217;s attractive nuisance concept or any other relevant statutes.<\/p>\n<h2 class=\"translation-block\">Llame ahora para\n            <span class=\"red-text\">programar una consulta<\/span><\/h2>\n<div class=\"divider\"><\/div>\n<p>\u00bfSe cay\u00f3 o ha estado expuesto a peligros en una propiedad p\u00fablica o comercial? Uno de nuestros abogados con experiencia en responsabilidad de locales en Ariel Law Group le ayudar\u00e1 a determinar qui\u00e9n asume la responsabilidad, y discutir qu\u00e9 compensaci\u00f3n podr\u00eda estar disponible para sus lesiones. Nuestros abogados y personal hablan ingl\u00e9s y espa\u00f1ol para su conveniencia. <a href=\"https:\/\/ariellawgroup.com\/es\/contact-us\/\">Contact us today to understand your rights.\u00a0<\/a><\/p>","protected":false},"excerpt":{"rendered":"<p>Compensation For Property Injuries: Do You Have A Case? At Ariel Law Group, our Los Angeles premises liability lawyers represent injury victims throughout Southern California who have been injured on someone else&#8217;s property due to unsafe conditions. Whether you were hurt in a slip and fall accident, injured due to inadequate security, attacked by a [&hellip;]<\/p>\n","protected":false},"author":5,"featured_media":0,"parent":60,"menu_order":0,"comment_status":"closed","ping_status":"closed","template":"","meta":{"footnotes":""},"class_list":["post-68","page","type-page","status-publish","hentry"],"acf":[],"yoast_head":"<!-- This site is optimized with the Yoast SEO plugin v27.4 - https:\/\/yoast.com\/product\/yoast-seo-wordpress\/ -->\n<title>Premises Liability Lawyers in Los Angeles | Ariel Law Group<\/title>\n<meta name=\"description\" content=\"Los Angeles premises liability lawyers for slip and fall, inadequate security, and dog bites. Free consultation, no fee unless we win!\" \/>\n<meta name=\"robots\" content=\"index, follow, max-snippet:-1, max-image-preview:large, max-video-preview:-1\" \/>\n<link rel=\"canonical\" href=\"https:\/\/ariellawgroup.com\/es\/practice-areas\/premises-liability\/\" \/>\n<meta property=\"og:locale\" content=\"es_ES\" \/>\n<meta property=\"og:type\" content=\"article\" \/>\n<meta property=\"og:title\" content=\"Premises Liability Lawyers in Los Angeles | Ariel Law Group\" \/>\n<meta property=\"og:description\" content=\"Los Angeles premises liability lawyers for slip and fall, inadequate security, and dog bites. Free consultation, no fee unless we win!\" \/>\n<meta property=\"og:url\" content=\"https:\/\/ariellawgroup.com\/es\/practice-areas\/premises-liability\/\" \/>\n<meta property=\"og:site_name\" content=\"Ariel Law Group\" \/>\n<meta property=\"article:modified_time\" content=\"2025-10-20T12:12:21+00:00\" \/>\n<meta property=\"og:image\" content=\"https:\/\/ariellawgroup.com\/wp-content\/uploads\/2022\/07\/promses-liability-image-1024x683.jpg\" \/>\n<meta name=\"twitter:card\" content=\"summary_large_image\" \/>\n<meta name=\"twitter:label1\" content=\"Tiempo de lectura\" \/>\n\t<meta name=\"twitter:data1\" content=\"5 minutos\" \/>\n<!-- \/ Yoast SEO plugin. -->","yoast_head_json":{"title":"Premises Liability Lawyers in Los Angeles | Ariel Law Group","description":"Los Angeles premises liability lawyers for slip and fall, inadequate security, and dog bites. Free consultation, no fee unless we win!","robots":{"index":"index","follow":"follow","max-snippet":"max-snippet:-1","max-image-preview":"max-image-preview:large","max-video-preview":"max-video-preview:-1"},"canonical":"https:\/\/ariellawgroup.com\/es\/practice-areas\/premises-liability\/","og_locale":"es_ES","og_type":"article","og_title":"Premises Liability Lawyers in Los Angeles | Ariel Law Group","og_description":"Los Angeles premises liability lawyers for slip and fall, inadequate security, and dog bites. Free consultation, no fee unless we win!","og_url":"https:\/\/ariellawgroup.com\/es\/practice-areas\/premises-liability\/","og_site_name":"Ariel Law Group","article_modified_time":"2025-10-20T12:12:21+00:00","og_image":[{"url":"https:\/\/ariellawgroup.com\/wp-content\/uploads\/2022\/07\/promses-liability-image-1024x683.jpg","type":"","width":"","height":""}],"twitter_card":"summary_large_image","twitter_misc":{"Tiempo de lectura":"5 minutos"},"schema":{"@context":"https:\/\/schema.org","@graph":[{"@type":"WebPage","@id":"https:\/\/ariellawgroup.com\/practice-areas\/premises-liability\/","url":"https:\/\/ariellawgroup.com\/practice-areas\/premises-liability\/","name":"Premises Liability Lawyers in Los Angeles | Ariel Law Group","isPartOf":{"@id":"https:\/\/ariellawgroup.com\/#website"},"primaryImageOfPage":{"@id":"https:\/\/ariellawgroup.com\/practice-areas\/premises-liability\/#primaryimage"},"image":{"@id":"https:\/\/ariellawgroup.com\/practice-areas\/premises-liability\/#primaryimage"},"thumbnailUrl":"https:\/\/ariellawgroup.com\/wp-content\/uploads\/2022\/07\/promses-liability-image-1024x683.jpg","datePublished":"2021-09-07T01:42:55+00:00","dateModified":"2025-10-20T12:12:21+00:00","description":"Los Angeles premises liability lawyers for slip and fall, inadequate security, and dog bites. Free consultation, no fee unless we win!","breadcrumb":{"@id":"https:\/\/ariellawgroup.com\/practice-areas\/premises-liability\/#breadcrumb"},"inLanguage":"es","potentialAction":[{"@type":"ReadAction","target":["https:\/\/ariellawgroup.com\/practice-areas\/premises-liability\/"]}]},{"@type":"ImageObject","inLanguage":"es","@id":"https:\/\/ariellawgroup.com\/practice-areas\/premises-liability\/#primaryimage","url":"https:\/\/ariellawgroup.com\/wp-content\/uploads\/2022\/07\/promses-liability-image-1024x683.jpg","contentUrl":"https:\/\/ariellawgroup.com\/wp-content\/uploads\/2022\/07\/promses-liability-image-1024x683.jpg"},{"@type":"BreadcrumbList","@id":"https:\/\/ariellawgroup.com\/practice-areas\/premises-liability\/#breadcrumb","itemListElement":[{"@type":"ListItem","position":1,"name":"Home","item":"https:\/\/ariellawgroup.com\/"},{"@type":"ListItem","position":2,"name":"Practice Areas","item":"https:\/\/ariellawgroup.com\/practice-areas\/"},{"@type":"ListItem","position":3,"name":"Best Premises Liability Lawyers in Los Angeles"}]},{"@type":"WebSite","@id":"https:\/\/ariellawgroup.com\/#website","url":"https:\/\/ariellawgroup.com\/","name":"Firma de abogados Ariel","description":"Firma de abogados Ariel","potentialAction":[{"@type":"SearchAction","target":{"@type":"EntryPoint","urlTemplate":"https:\/\/ariellawgroup.com\/?s={search_term_string}"},"query-input":{"@type":"PropertyValueSpecification","valueRequired":true,"valueName":"search_term_string"}}],"inLanguage":"es"}]}},"_links":{"self":[{"href":"https:\/\/ariellawgroup.com\/es\/wp-json\/wp\/v2\/pages\/68","targetHints":{"allow":["GET"]}}],"collection":[{"href":"https:\/\/ariellawgroup.com\/es\/wp-json\/wp\/v2\/pages"}],"about":[{"href":"https:\/\/ariellawgroup.com\/es\/wp-json\/wp\/v2\/types\/page"}],"author":[{"embeddable":true,"href":"https:\/\/ariellawgroup.com\/es\/wp-json\/wp\/v2\/users\/5"}],"replies":[{"embeddable":true,"href":"https:\/\/ariellawgroup.com\/es\/wp-json\/wp\/v2\/comments?post=68"}],"version-history":[{"count":15,"href":"https:\/\/ariellawgroup.com\/es\/wp-json\/wp\/v2\/pages\/68\/revisions"}],"predecessor-version":[{"id":1585,"href":"https:\/\/ariellawgroup.com\/es\/wp-json\/wp\/v2\/pages\/68\/revisions\/1585"}],"up":[{"embeddable":true,"href":"https:\/\/ariellawgroup.com\/es\/wp-json\/wp\/v2\/pages\/60"}],"wp:attachment":[{"href":"https:\/\/ariellawgroup.com\/es\/wp-json\/wp\/v2\/media?parent=68"}],"curies":[{"name":"wp","href":"https:\/\/api.w.org\/{rel}","templated":true}]}}