{"id":66,"date":"2021-09-07T01:42:16","date_gmt":"2021-09-07T01:42:16","guid":{"rendered":"https:\/\/ariellawgroup.com\/?page_id=66"},"modified":"2025-10-17T12:45:06","modified_gmt":"2025-10-17T12:45:06","slug":"motor-vehicle-accidents","status":"publish","type":"page","link":"https:\/\/ariellawgroup.com\/es\/practice-areas\/motor-vehicle-accidents\/","title":{"rendered":"Motor Vehicle Accident Lawyers in Los Angeles"},"content":{"rendered":"<h2><span class=\"red-text main-title\">Ariel Law Group luchar\u00e1 por <\/span>Your Rights In Motor Vehicle Accident Cases<\/h2>\n<p>At Ariel Law Group, we represent all types of motor vehicle accident victims throughout Los Angeles and Southern California. Whether you&#8217;ve been injured in a car crash, truck collision, motorcycle accident, or rideshare incident, our team of motor vehicle accident lawyers has the experience and proven track record to fight for maximum compensation on your behalf.<\/p>\n<div class=\"divider\"><\/div>\n<div class=\"embed-responsive embed-responsive-16by9 mb-4\"><iframe class=\"embed-responsive-item\" src=\"https:\/\/player.vimeo.com\/video\/586435962?embedparameter=value\" frameborder=\"0\"><\/iframe><\/div>\n<p>With over 39 million residents and over 386,000 lane miles of road in California, our state leads the nation in the number of traffic fatalities that involve vehicles of all types, including cars, pickups and SUVS, large tractor-trailers, motorcycles, and bicycles, with 3,306 deaths &#8211; and the statistics only consider deaths, not total accidents. Accidents and injuries might be 10 to 20 times that, especially you consider that at least 1- million crashes go unreported each year (NHTSA, 2015.) If you live in the Los Angeles area, the number of accidents, injuries, and deaths are among the highest in the state. Your chances of being injured (or worse) in a motor vehicle accident sometime in your life are great.<\/p>\n<p>Those involved in motor vehicle accidents are not only at risk of losing their lives but can also suffer property loss, loss of loved ones, or bodily injury that can result in serious impairment, traumatic brain injury or spinal trauma, loss of wages, inability to work, medical and rehabilitation bills. Many of the damages suffered in traffic accidents are permanent, irreplaceable, and life-changing, and not even the best insurance in the world can make life whole again for the victims.<\/p>\n<p>En Ariel Law Group, nuestra misi\u00f3n es ayudar a las v\u00edctimas de accidentes a recibir el mejor acuerdo posible para compensarlas por sus p\u00e9rdidas. Incluso si otros conductores tienen un seguro de primera, el trabajo de estas empresas es pagar la cantidad m\u00e1s baja posible en nombre de sus asegurados para que su negocio pueda seguir siendo rentable. Esta situaci\u00f3n significa que las cantidades canceladas a las v\u00edctimas por p\u00e9rdidas tangibles e intangibles son terriblemente bajas. Los abogados y el personal de Ariel trabajan incansablemente para que los clientes luchen por la verdadera justicia para que las v\u00edctimas de accidentes puedan recuperar sus vidas.<\/p>\n<p class=\"extra-padding translation-block\"><i>\n              *A menos que se indique lo contrario, las estad\u00edsticas que se utilizan a continuaci\u00f3n se recopilaron\n              <a href=\"https:\/\/driving-tests.org\/driving-statistics\/\" target=\"_blank\" title=\"here\">\n                de varias fuentes\n              <\/a>\n            <\/i><\/p>\n<h2 class=\"translation-block\">Lesiones por\n            <span class=\"red-text\">accidentes automovil\u00edsticos<\/span><\/h2>\n<p class=\"translation-block\"><a href=\"https:\/\/www.iihs.org\/topics\/fatality-statistics\/detail\/state-by-state#deaths-by-road-user\" target=\"_blank\" title=\"IIHS statistics for California\">\n              Estad\u00edsticas recientes del IIHS para California\n            <\/a>\n            indican que el 52% de las muertes por accidentes vehiculares ocurren entre conductores y pasajeros en autom\u00f3viles y cada vez m\u00e1s en camionetas y SUV. Los choques traseros, a menudo causados \u200b\u200bpor el seguimiento de veh\u00edculos, representan aproximadamente el 29% de los choques, pero los choques frontales o laterales son los m\u00e1s mortales y son responsables del 54% y el 25% de las muertes de ocupantes de veh\u00edculos de pasajeros, respectivamente. (IIHS, 2018)<\/p>\n<p>Aunque los autom\u00f3viles son cada vez m\u00e1s seguros con una mayor protecci\u00f3n contra vuelcos, 7488 ocupantes de veh\u00edculos de pasajeros murieron en choques de vuelco, y el 28% de las muertes no involucraron ning\u00fan otro impacto. Si bien algunos choques pueden ser el resultado de una conducci\u00f3n distra\u00edda o las condiciones clim\u00e1ticas, otros pueden deberse a peligros en la carretera que pueden ser el resultado de la negligencia por parte de un municipio u otro organismo gubernamental.<\/p>\n<p>If you are injured or lose a loved one in a vehicular accident by a car, light truck, or SUV, the motor vehicle accident lawyers at the Ariel Law Group are ready to help you by taking action against the other party or even a governmental entity. <a href=\"https:\/\/ariellawgroup.com\/es\/contact-us\/\">Contact us today.<\/a><\/p>\n<h2 class=\"translation-block\">Accidentes de\n            <span class=\"red-text\">camiones<\/span><\/h2>\n<p>Each year, 130,000 people are injured in 500,000 truck collisions, and crashes of large trucks are responsible for 11% of all motor vehicle crash deaths. A startling 84% of fatal crashes and 88% of non-fatal crashes involving large trucks occurred on weekdays (FMSCA), and 37% of all fatal crashes, 23% of all injury crashes, and 20% of all property-damage-only crashes involving large trucks occurred at night (FMSCA). Of the 4.119 people <a title=\"Killed in large truck crashes link\" href=\"https:\/\/www.iihs.org\/topics\/fatality-statistics\/detail\/large-trucks\" target=\"_blank\" rel=\"noopener\"> killed in large truck crashes <\/a> in 2019, 16% were occupants of the truck, and 67% were occupants of a car or other passenger vehicle, and 15% were pedestrians, motorcyclists, or bicyclists.<\/p>\n<p><a title=\"Cars cause 81% of truck accidents information\" href=\"https:\/\/www.tampabaynewswire.com\/2020\/09\/29\/what-percentage-of-truck-accidents-are-caused-by-cars-90662\" target=\"_blank\" rel=\"noopener\"> Cars cause 81% of truck accidents <\/a> by underestimating how long it takes a truck to stop due to its weight or design, improperly merging into traffic, making left turns in front of trucks, and pulling in front of trucks at intersections.<\/p>\n<p>As a victim of a truck accident, you need motor vehicle lawyers who will aggressively examine the facts to make sure that you are not assigned an undue amount of blame in an accident. <a href=\"https:\/\/ariellawgroup.com\/es\/contact-us\/\">Call the Ariel Law Group<\/a> when you or a loved one are injured in an accident with a tractor-trailer.<\/p>\n<h2 class=\"translation-block\">Conducci\u00f3n\n            <span class=\"red-text\">temeraria<\/span><\/h2>\n<p>Los accidentes rara vez ocurren cuando las personas conducen en un d\u00eda agradable, se concentran en la carretera, siguen todas las reglas de tr\u00e1nsito y no se ven afectadas por la falta de sue\u00f1o, las drogas o el alcohol. Desafortunadamente, factores como la conducci\u00f3n imprudente, la conducci\u00f3n distra\u00edda y la conducci\u00f3n en estado de ebriedad a menudo influyen en los accidentes.<\/p>\n<p>La conducci\u00f3n imprudente puede supone un par de conductores desplaz\u00e1ndose a toda velocidad por una calle p\u00fablica, pero la mayor\u00eda de las veces implica:<\/p>\n<ul>\n<li>No atender las se\u00f1ales de alto o sem\u00e1foros<\/li>\n<li>Desv\u00edo hacia el tr\u00e1fico que se aproxima<\/li>\n<li>Driving onto sidewalks or other areas not intended for motor vehicle operation<\/li>\n<li>Tejer, seguir de cerca o pasar de manera insegura<\/li>\n<li>Speeding a certain number of miles over the speed limit (15 in California)<\/li>\n<\/ul>\n<p>Ya sea intencional o no, el comportamiento imprudente puede provocar accidentes, especialmente cuando otros conductores perciben el comportamiento como intencional y responden de manera agresiva.<\/p>\n<p>If you have been involved in a reckless driving accident, the attorneys at the Ariel Law Group can advise and help you. <a href=\"https:\/\/ariellawgroup.com\/es\/contact-us\/\">Contact us to learn more.\u00a0<\/a><\/p>\n<h2 class=\"translation-block\">Conducci\u00f3n\n            <span class=\"red-text\">distraida<\/span><\/h2>\n<div class=\"divider\"><\/div>\n<p>Whether someone texts, talks on the phone, applies makeup, or adjusts the controls on the dashboard, they take their mind off the road and are subject to being involved in an accident. The maximum amount of time a driver can safely divert their attention from the road is two seconds, yet drivers routinely attend to other things.<\/p>\n<p>Texting, for example, takes an average of 5 seconds while driving and increases the risk of crashing by 23 times (NHTSA, 2018), while dialing a phone increases the chance of a crash by 12%. Many states prohibit texting or talking with a hand-held phone but even using a hands-free electronic device is four times more distracting than talking to an adult passenger. (Driver&#8217;s Alert, 2017)<\/p>\n<p>Si bien el tel\u00e9fono es una fuente importante de distracci\u00f3n, los conductores emplean su tiempo en otros distractores:<\/p>\n<ul>\n<li>La interacci\u00f3n con aplicaciones de tel\u00e9fonos celulares como Snapchat, Pokemon Go o Waze puede alentar a las personas a prestar m\u00e1s atenci\u00f3n a las criaturas virtuales en la carretera informando las condiciones del tr\u00e1fico que mirando la carretera.<\/li>\n<li>Atender a un ni\u00f1o puede distraer 12 veces m\u00e1s que hablar por tel\u00e9fono celular.<\/li>\n<li>M\u00e1s del 80% de los conductores admiten comportamientos peligrosos mientras conducen, como cambiarse de ropa, conducir con el pie, pintarse las u\u00f1as o incluso afeitarse.<\/li>\n<li>La causa m\u00e1s frecuente (62%) de accidentes por conducci\u00f3n distra\u00edda es perderse en sus pensamientos o dejar que su mente divague. (TeenSafe, 2018)<\/li>\n<li>Conducir mientras llora o est\u00e1 visiblemente enojado aument\u00f3 10 veces el riesgo de chocar. (Instituto de Transporte de Virginia Tech, 2016)<\/li>\n<\/ul>\n<p>Most of these behaviors seem innocent enough, but the results can be deadly. <a href=\"https:\/\/ariellawgroup.com\/es\/contact-us\/\">If you have been injured by a distracted driver, Ariel Law Group&#8217;s motor vehicle accident lawyers will fight for a fair settlement for you.<\/a><\/p>\n<h2 class=\"translation-block\">Conducci\u00f3n\n            <span class=\"red-text\">deteriorada<\/span><\/h2>\n<div class=\"divider\"><\/div>\n<p>Drivers of any vehicle, along with pedestrians, are fair game for accidents if they are impaired by drugs, alcohol, or even lack of sleep. Latest statistics show that when drivers are under the influence, crash rates increase 36 times (Virginia Tech Transportation Institute, 2016); three to five people will be involved in crashes due to impaired driving during their lifetime. (National Center for Statistics and Analysis, 2017)<\/p>\n<p>No todo el deterioro se debe a sustancias ilegales. Incluso tener un resfriado puede dejar al conductor confundido y con un tiempo de respuesta m\u00e1s lento; Adem\u00e1s, el uso de algunos antihistam\u00ednicos de venta libre puede elevar los niveles de alcohol en sangre por encima del 0,08% de los l\u00edmites legales en la mayor\u00eda de los estados y aumentar los riesgos de accidentes.<\/p>\n<p>Driving while sleepy can increase the likelihood of having an accident by 2.5 times, while even missing 2 or 3 hours of sleep adds to the risk. A quick nod-off is all it takes. If a driver falls asleep for just four seconds while traveling at a speed of 62 mph, the vehicle will travel 364 feet without a driver in control \u2013 slightly more than the length of a US football field, including the two end zones (Transport Accident Commission, 2018)<\/p>\n<p>Escalating numbers of drivers of cars and semis, pedestrians, cyclists, and motorcyclists involved in accidents have drug and alcohol levels in their blood that exceed the legal limit &#8211; and ups the liability of anyone involved in an accident that is impaired.<\/p>\n<p>Debido a que la discapacidad es un factor com\u00fan en los casos de accidentes, necesita un buen abogado de lesiones personales de Ariel Law Group a su lado para luchar por sus derechos despu\u00e9s de haber sido lesionado en un accidente.<\/p>\n<h2 class=\"translation-block\">Accidentes de\n            <span class=\"red-text\">bicicletas y peatones<\/span><\/h2>\n<div class=\"divider\"><\/div>\n<p class=\"translation-block\">Al competir contra autom\u00f3viles y camiones en calles y carreteras, los peatones y ciclistas tienen un historial deficiente.\n            <a href=\"https:\/\/driving-tests.org\/driving-statistics\/\" target=\"_blank\" title=\"Recent            statistics\">\n              Estad\u00edsticas recientes\n            <\/a>\n            informan que las muertes de peatones representaron el 16% de todas las muertes por accidentes de tr\u00e1nsito (NHTSA, 2018), y que el 81% ocurrieron en \u00e1reas urbanas (IIHS, 2019). M\u00e1s de la mitad de todas las muertes por accidentes de tr\u00e1nsito en todo el mundo ocurren entre peatones, ciclistas y motociclistas. (OMS, 2018) Es preciso se\u00f1alar, que las lesiones que sufren las v\u00edctimas de accidentes de peatones y bicicletas en accidentes con veh\u00edculos pueden llegar a ser incluso m\u00e1s devastadoras que las que un autom\u00f3vil inflige a los humanos que viajan en otro.<\/p>\n<p>In California, a comparative negligence state, the role of all participants in an accident is assessed, and the percentage they contributed is taken into account. If, for example, a pedestrian crosses against a light or outside of a crosswalk or a cyclist fails to stop at a stop sign or a light, these would be considered negligent. Walking or biking while drunk or texting while crossing the street can also increase your liability. The advantage of having Ariel Law Group&#8217;s motor vehicle accident lawyers on your side is that we will work tirelessly to show the court that your role in the accident was minimal.<\/p>\n<h2 class=\"translation-block\">Accidentes de\n            <span class=\"red-text\">motocicleta<\/span><\/h2>\n<div class=\"divider\"><\/div>\n<p>Conducir una motocicleta es una forma econ\u00f3mica de llegar al trabajo y una manera agradable de sumergirse en el clima y el paisaje de California, pero la actividad result\u00f3 mortal para casi 500 personas en 2019 (a nivel nacional, nuestro estado es solo superado por Florida en muertes de motocicletas). Estad\u00edsticas recientes muestran que el n\u00famero de muertes de motocicletas por milla recorrida fue casi 27 veces el n\u00famero de muertes de autom\u00f3viles por milla recorrida. (IIHS, 2018)<\/p>\n<p>Mientras que los accidentes automovil\u00edsticos provocan lesiones o la muerte aproximadamente el 20% de las veces, el 80% de los choques de motocicletas resultan en lesiones o la muerte. (NHTSA, 2003)<\/p>\n<p>Estad\u00edsticamente, si se lesiona en un accidente de motocicleta, hay mucho en juego para usted, independientemente de qui\u00e9n haya causado el accidente. Incluso si cojea con su vida, es posible que tenga lesiones graves que requieran atenci\u00f3n m\u00e9dica costosa y afecten su capacidad para trabajar.<\/p>\n<p>The personal injury\u00a0 and motor vehicle accident lawyers at Ariel Law Group are the advocates you want fighting for you after a motorcycle accident. <a href=\"https:\/\/ariellawgroup.com\/es\/contact-us\/\">Contact us to learn more.\u00a0<\/a><\/p>\n<h2 class=\"translation-block\">Viajes compartidos\n            <span class=\"red-text\">de Lyft y Uber<\/span><\/h2>\n<div class=\"divider\"><\/div>\n<p>&#8220;Ridesharing&#8221; companies like Uber and Lyft are an increasingly popular way for people to book rides, but as the drivers are independent contractors who use their own vehicles to transport others, insurance liability is complex in case of an accident. To make sure you are fairly compensated if you&#8217;re involved in an accident while in a Lyft or Uber vehicle, you may need the services and support of motor vehicle lawyers at the Ariel Law Group.<\/p>\n<p>Empresas como Lyft o Uber con consideradas como una red de transporte, o TNC, ya que conectan a quienes necesitan transporte con quienes lo proporcionan en sus propios autom\u00f3viles. Si bien estas compa\u00f1\u00edas brindan cierta cobertura de seguro a quienes usan los servicios, existen excepciones cuando est\u00e1n involucrados otros conductores, ciclistas o peatones. Varias compa\u00f1\u00edas de seguros pueden estar involucradas en cualquier reclamo.<\/p>\n<p>Complex legal issues arise when third-party liability insurance is involved, as in the ridesharing industry. Laws have continuously challenged the policies of Lyft, Uber, and similar ridesharing services, but it doesn&#8217;t appear that we will see clear regulations on this anytime soon.<\/p>\n<p>At Ariel Law Group, we have a team of experienced and competent attorneys who specialize in motor vehicle accident liability law. <a href=\"https:\/\/ariellawgroup.com\/es\/contact-us\/\">Contact us to learn more.<\/a><\/p>\n<h2><strong>MOTOR VEHICLE ACCIDENTS- FREQUENTLY ASKED QUESTIONS<\/strong><\/h2>\n<h3><strong>Traffic Violence Continues to Surge in L.A.<\/strong><\/h3>\n<p>Over the last year, Los Angeles has experienced a tremendous spike in <a href=\"https:\/\/ariellawgroup.com\/es\/practice-areas\/motor-vehicle-accidents\/traffic-violence-continues-to-surge-in-la\/\">traffic-related violence to surge in L.A.<\/a>, culminating in a wave of tragedy for its residents. Motor vehicle accidents have been the source of much of this turmoil, with numerous fatalities and injuries occurring. The number of motor vehicle incidents has increased drastically due to reckless driving behaviors such as speeding and distracted driving. It has resulted in considerable property and life damage, as well as an increase in traffic-related fatalities around the city. In addition, motor vehicle accidents tend to be even more severe during peak travel times due to high traffic volumes on busy streets. Many individuals have suffered from severe physical trauma or loss of life due to these preventable accidents. The city government is attempting to curb this trend by introducing stricter laws surrounding reckless driving behaviors, such as harsher penalties for those who violate them.<\/p>\n<h3><strong>What is the Safest City to Ride a Motorcycle?<\/strong><\/h3>\n<p>Examining cities nationwide to determine which is the <a href=\"https:\/\/ariellawgroup.com\/es\/practice-areas\/motor-vehicle-accidents\/safest-city-to-ride-a-motorcycle\/\">safest city for motorcycle riders<\/a> provides insight into road safety. The top five safest cities for motorcycle riding are Reno: Nevada, Huntsville: Alabama, Visalia: California, Montgomery; Alabama, Eugene; Oregon. The factors that make these cities safer for motorcyclists include stricter enforcement of traffic laws and regulations such as speed limits, and helmet use laws. Additionally, many of these cities have implemented public education programs to increase awareness about motorcycle riding risks and how to reduce them.<\/p>\n<h3><strong>At What Speed do most Motorcycle Deaths Occur?<\/strong><\/h3>\n<p><a href=\"https:\/\/ariellawgroup.com\/es\/practice-areas\/motor-vehicle-accidents\/what-speed-do-most-motorcycle-accident-deaths-occur\/\">Fatal motorcycle deaths occur<\/a> at high speeds, with research indicating that a significant percentage of fatalities involve excessive speed. Analysis revealed that when motorcycles traveled faster than 55 mph, the likelihood of a fatality increased exponentially. Data shows that over 39% of all fatal motorcycle accidents occurred at speeds greater than 50 mph and 15% at rates greater than 75 mph. These statistics demonstrate how essential it is for riders to stay within posted speed limits to minimize risk and avoid severe injury or death.<\/p>\n<h3><strong>What is the Statute of Limitations on Motorcycle Accidents in California?<\/strong><\/h3>\n<p>In California, <a href=\"https:\/\/ariellawgroup.com\/es\/practice-areas\/motor-vehicle-accidents\/statute-limitations-on-motorcycle-accidents\/\">the statute of limitations for filing a claim pertaining to a motorcycle accident<\/a> is two years. It implies that if a person was involved in a motorbike accident, they must file a lawsuit within two years after the occurrence or face being prohibited from doing so. To initiate this process, an individual must file a lawsuit in either the small claims court or superior court with jurisdiction over the matter and then serve notice of their claim to all parties involved in the accident. California requires that all personal injury claims related to motor vehicle accidents be filed within two years, regardless of who is responsible for causing them.<\/p>\n<p><iframe loading=\"lazy\" style=\"border: 0;\" src=\"https:\/\/www.google.com\/maps\/embed?pb=!1m18!1m12!1m3!1d3306.4160602598395!2d-118.45177699999999!3d34.033197!2m3!1f0!2f0!3f0!3m2!1i1024!2i768!4f13.1!3m3!1m2!1s0x80c2bb1272347c51%3A0x7cf1125d4330d9ca!2sAriel%20Law%20Group!5e0!3m2!1sen!2sus!4v1748430138658!5m2!1sen!2sus\" width=\"100%\" height=\"300\" allowfullscreen=\"allowfullscreen\"><span data-mce-type=\"bookmark\" style=\"display: inline-block; width: 0px; overflow: hidden; line-height: 0;\" class=\"mce_SELRES_start\"><\/span><\/iframe><\/p>","protected":false},"excerpt":{"rendered":"<p>Ariel Law Group Will Fight For Your Rights In Motor Vehicle Accident Cases At Ariel Law Group, we represent all types of motor vehicle accident victims throughout Los Angeles and Southern California. Whether you&#8217;ve been injured in a car crash, truck collision, motorcycle accident, or rideshare incident, our team of motor vehicle accident lawyers has [&hellip;]<\/p>\n","protected":false},"author":5,"featured_media":0,"parent":60,"menu_order":0,"comment_status":"closed","ping_status":"closed","template":"","meta":{"footnotes":""},"class_list":["post-66","page","type-page","status-publish","hentry"],"acf":[],"yoast_head":"<!-- This site is optimized with the Yoast SEO plugin v27.4 - https:\/\/yoast.com\/product\/yoast-seo-wordpress\/ -->\n<title>Motor Vehicle Accident Lawyers in Los Angeles | Ariel Law Group<\/title>\n<meta name=\"description\" content=\"Injured in a motor vehicle accident? Ariel Law Group handles car, truck, motorcycle &amp; rideshare cases. Free consultation, no fee unless we win.\" \/>\n<meta name=\"robots\" content=\"index, follow, max-snippet:-1, max-image-preview:large, max-video-preview:-1\" \/>\n<link rel=\"canonical\" href=\"https:\/\/ariellawgroup.com\/es\/practice-areas\/motor-vehicle-accidents\/\" \/>\n<meta property=\"og:locale\" content=\"es_ES\" \/>\n<meta property=\"og:type\" content=\"article\" \/>\n<meta property=\"og:title\" content=\"Motor Vehicle Accident Lawyers in Los Angeles | Ariel Law Group\" \/>\n<meta property=\"og:description\" content=\"Injured in a motor vehicle accident? Ariel Law Group handles car, truck, motorcycle &amp; rideshare cases. Free consultation, no fee unless we win.\" \/>\n<meta property=\"og:url\" content=\"https:\/\/ariellawgroup.com\/es\/practice-areas\/motor-vehicle-accidents\/\" \/>\n<meta property=\"og:site_name\" content=\"Ariel Law Group\" \/>\n<meta property=\"article:modified_time\" content=\"2025-10-17T12:45:06+00:00\" \/>\n<meta name=\"twitter:card\" content=\"summary_large_image\" \/>\n<meta name=\"twitter:label1\" content=\"Tiempo de lectura\" \/>\n\t<meta name=\"twitter:data1\" content=\"12 minutos\" \/>\n<!-- \/ Yoast SEO plugin. -->","yoast_head_json":{"title":"Motor Vehicle Accident Lawyers in Los Angeles | Ariel Law Group","description":"Injured in a motor vehicle accident? Ariel Law Group handles car, truck, motorcycle & rideshare cases. Free consultation, no fee unless we win.","robots":{"index":"index","follow":"follow","max-snippet":"max-snippet:-1","max-image-preview":"max-image-preview:large","max-video-preview":"max-video-preview:-1"},"canonical":"https:\/\/ariellawgroup.com\/es\/practice-areas\/motor-vehicle-accidents\/","og_locale":"es_ES","og_type":"article","og_title":"Motor Vehicle Accident Lawyers in Los Angeles | Ariel Law Group","og_description":"Injured in a motor vehicle accident? Ariel Law Group handles car, truck, motorcycle & rideshare cases. Free consultation, no fee unless we win.","og_url":"https:\/\/ariellawgroup.com\/es\/practice-areas\/motor-vehicle-accidents\/","og_site_name":"Ariel Law Group","article_modified_time":"2025-10-17T12:45:06+00:00","twitter_card":"summary_large_image","twitter_misc":{"Tiempo de lectura":"12 minutos"},"schema":{"@context":"https:\/\/schema.org","@graph":[{"@type":"WebPage","@id":"https:\/\/ariellawgroup.com\/practice-areas\/motor-vehicle-accidents\/","url":"https:\/\/ariellawgroup.com\/practice-areas\/motor-vehicle-accidents\/","name":"Motor Vehicle Accident Lawyers in Los Angeles | Ariel Law Group","isPartOf":{"@id":"https:\/\/ariellawgroup.com\/#website"},"datePublished":"2021-09-07T01:42:16+00:00","dateModified":"2025-10-17T12:45:06+00:00","description":"Injured in a motor vehicle accident? Ariel Law Group handles car, truck, motorcycle & rideshare cases. Free consultation, no fee unless we win.","breadcrumb":{"@id":"https:\/\/ariellawgroup.com\/practice-areas\/motor-vehicle-accidents\/#breadcrumb"},"inLanguage":"es","potentialAction":[{"@type":"ReadAction","target":["https:\/\/ariellawgroup.com\/practice-areas\/motor-vehicle-accidents\/"]}]},{"@type":"BreadcrumbList","@id":"https:\/\/ariellawgroup.com\/practice-areas\/motor-vehicle-accidents\/#breadcrumb","itemListElement":[{"@type":"ListItem","position":1,"name":"Home","item":"https:\/\/ariellawgroup.com\/"},{"@type":"ListItem","position":2,"name":"Practice Areas","item":"https:\/\/ariellawgroup.com\/practice-areas\/"},{"@type":"ListItem","position":3,"name":"Motor Vehicle Accident Lawyers in Los Angeles"}]},{"@type":"WebSite","@id":"https:\/\/ariellawgroup.com\/#website","url":"https:\/\/ariellawgroup.com\/","name":"Firma de abogados Ariel","description":"Firma de abogados Ariel","potentialAction":[{"@type":"SearchAction","target":{"@type":"EntryPoint","urlTemplate":"https:\/\/ariellawgroup.com\/?s={search_term_string}"},"query-input":{"@type":"PropertyValueSpecification","valueRequired":true,"valueName":"search_term_string"}}],"inLanguage":"es"}]}},"_links":{"self":[{"href":"https:\/\/ariellawgroup.com\/es\/wp-json\/wp\/v2\/pages\/66","targetHints":{"allow":["GET"]}}],"collection":[{"href":"https:\/\/ariellawgroup.com\/es\/wp-json\/wp\/v2\/pages"}],"about":[{"href":"https:\/\/ariellawgroup.com\/es\/wp-json\/wp\/v2\/types\/page"}],"author":[{"embeddable":true,"href":"https:\/\/ariellawgroup.com\/es\/wp-json\/wp\/v2\/users\/5"}],"replies":[{"embeddable":true,"href":"https:\/\/ariellawgroup.com\/es\/wp-json\/wp\/v2\/comments?post=66"}],"version-history":[{"count":16,"href":"https:\/\/ariellawgroup.com\/es\/wp-json\/wp\/v2\/pages\/66\/revisions"}],"predecessor-version":[{"id":1580,"href":"https:\/\/ariellawgroup.com\/es\/wp-json\/wp\/v2\/pages\/66\/revisions\/1580"}],"up":[{"embeddable":true,"href":"https:\/\/ariellawgroup.com\/es\/wp-json\/wp\/v2\/pages\/60"}],"wp:attachment":[{"href":"https:\/\/ariellawgroup.com\/es\/wp-json\/wp\/v2\/media?parent=66"}],"curies":[{"name":"wp","href":"https:\/\/api.w.org\/{rel}","templated":true}]}}