{"id":64,"date":"2021-09-07T01:41:45","date_gmt":"2021-09-07T01:41:45","guid":{"rendered":"https:\/\/ariellawgroup.com\/?page_id=64"},"modified":"2025-11-20T23:41:49","modified_gmt":"2025-11-21T07:41:49","slug":"catastrophic-injury-and-wrongful-death","status":"publish","type":"page","link":"https:\/\/ariellawgroup.com\/es\/practice-areas\/catastrophic-injury-and-wrongful-death\/","title":{"rendered":"Best Catastrophic Injury Lawyer in Los Angeles"},"content":{"rendered":"<h2 class=\"translation-block\"><span class=\"red-text\">\n              Abogados que ayudan a familias del sur de California a recuperarse\n            <\/span>\n            de lesiones catastr\u00f3ficas y muerte por negligencia<\/h2>\n<h3>Lesiones catastr\u00f3ficas despu\u00e9s de un accidente: lo que debe saber<\/h3>\n<div class=\"divider\"><\/div>\n<div class=\"embed-responsive embed-responsive-16by9 mb-4\"><iframe class=\"embed-responsive-item\" src=\"https:\/\/player.vimeo.com\/video\/586454561?embedparameter=value\" frameborder=\"0\"><\/iframe><\/div>\n<div><\/div>\n<div>\n<p>Un accidente que involucra una lesi\u00f3n catastr\u00f3fica es traum\u00e1tico, principalmente si fue ocasionado por la negligencia de otra persona o entidad.<\/p>\n<p>Both mentally or physically, your life is interrupted after an accident as you undergo excessive medical, surgical, and rehabilitative procedures. Even if you expect to recover most of your capabilities in time, you may quickly be overwhelmed by bills at a time when you can\u2019t work. You may become increasingly depressed and angry as you try to cope with your situation and the annoying calls from creditors.<\/p>\n<p>Serious accidents may change your life or that of a loved one \u2013 or, in the worse case \u2013 end it prematurely. In that case, you are not only struggling with grief but may also be feeling the effects of the loss of income and support from a partner, parent, or other loved one.<\/p>\n<p class=\"extra-padding\">La firma de abogados Ariel est\u00e1 aqu\u00ed para usted.<\/p>\n<h2 class=\"translation-block\">Nuestra\n            <span class=\"red-text\">filosof\u00eda<\/span><\/h2>\n<div class=\"divider\"><\/div>\n<p>En la firma de abogados Ariel, nuestra filosof\u00eda consiste en ayudar verdaderamente a las personas.<\/p>\n<p>We understand that a catastrophic injury from a drunk driver or a fall on a hazardous sidewalk or in a poorly lit parking lot can happen to any of us \u2014 to you or a spouse, child, relative, or close friend. What happens in a minute can result in serious injuries and medical expenses, rehabilitation therapy, and pain and suffering that can last a lifetime.<\/p>\n<p>Si bien no tenemos el poder para evitar un evento tr\u00e1gico, podemos ayudarlo a obtener el alivio monetario que necesita para continuar.<\/p>\n<h3>Un equipo experimentado para brindarle la compensaci\u00f3n que necesita<\/h3>\n<p>Nuestros abogados tienen d\u00e9cadas de experiencia ayudando a muchas personas en Los \u00c1ngeles y en todo el sur de California a recuperar una compensaci\u00f3n monetaria por accidentes que involucren:<\/p>\n<ul>\n<li class=\"translation-block\"><span>Quemaduras<\/span>\n              que han causado cicatrices y desfiguraciones graves y requieren m\u00faltiples tratamientos quir\u00fargicos<\/li>\n<li class=\"translation-block\"><span>Amputaci\u00f3n<\/span>\n              de manos, pies, brazos, piernas y otras partes del cuerpo<\/li>\n<li class=\"translation-block\"><span>Sangrado interno<\/span>\n              causante de da\u00f1o y falla de \u00f3rganos<\/li>\n<li class=\"translation-block\"><span>Lesiones cerebrales traum\u00e1ticas (TBI)<\/span>\n              que resultan en deterioro f\u00edsico y cognitivo permanente<\/li>\n<li class=\"translation-block\"><span>Lesiones de la m\u00e9dula espinal<\/span>\n              que provocan debilidad de las extremidades o par\u00e1lisis<\/li>\n<\/ul>\n<p><img loading=\"lazy\" decoding=\"async\" class=\"alignnone wp-image-345 size-large\" src=\"https:\/\/ariellawgroup.com\/wp-content\/uploads\/2022\/07\/catastrophic-injuries-image-1024x683.jpg\" alt=\"\" width=\"1024\" height=\"683\" srcset=\"https:\/\/ariellawgroup.com\/wp-content\/uploads\/2022\/07\/catastrophic-injuries-image-1024x683.jpg 1024w, https:\/\/ariellawgroup.com\/wp-content\/uploads\/2022\/07\/catastrophic-injuries-image-300x200.jpg 300w, https:\/\/ariellawgroup.com\/wp-content\/uploads\/2022\/07\/catastrophic-injuries-image-768x512.jpg 768w, https:\/\/ariellawgroup.com\/wp-content\/uploads\/2022\/07\/catastrophic-injuries-image-1536x1024.jpg 1536w, https:\/\/ariellawgroup.com\/wp-content\/uploads\/2022\/07\/catastrophic-injuries-image-18x12.jpg 18w, https:\/\/ariellawgroup.com\/wp-content\/uploads\/2022\/07\/catastrophic-injuries-image.jpg 1800w\" sizes=\"auto, (max-width: 1024px) 100vw, 1024px\" \/><\/p>\n<h2 class=\"translation-block\">La p\u00e9rdida de un\n            <span class=\"red-text\">ser querido<\/span><\/h2>\n<div class=\"divider\"><\/div>\n<p>En determinadas situaciones, las lesiones graves provocan la muerte. Ya sea que esto suceda inmediatamente, meses o a\u00f1os despu\u00e9s del accidente, los miembros de la familia deben llorar la p\u00e9rdida de un ser querido. Tambi\u00e9n suelen perder el sustento econ\u00f3mico cuyos seres queridos proporcionaron a la familia y corren el riesgo de atravesar graves problemas econ\u00f3micos.<\/p>\n<p>Nuestro equipo ha ayudado a c\u00f3nyuges, hijos y otros familiares a presentar demandas por homicidio culposo para recuperar los gastos del ser querido antes de su fallecimiento y brindar apoyo continuo a la familia.<\/p>\n<h2><strong>Catastrophic Injury and Wrongful Death- Frequently Asked Questions<\/strong><\/h2>\n<h3><strong>How to choose the right wrongful death attorney for your case?<\/strong><\/h3>\n<p>Searching the <a href=\"https:\/\/ariellawgroup.com\/es\/practice-areas\/catastrophic-injury-and-wrongful-death\/choose-best-wrongful-death-lawyer\/\">right wrongful death attorney for your case<\/a> can be daunting. It would help to have a knowledgeable, experienced, and passionate lawyer about your case. To ensure you make the correct choice, you must consider that the attorney must be experienced. Experienced lawyers have the skills and know-how to handle all the aspects of a wrongful death case, from the initial filing to the settlement negotiations. Also, consider your attorney&#8217;s reputation. Look for reviews online, ask for referrals from friends and family, and research the attorney&#8217;s past cases. Make sure the attorney has a good track of successful cases.<\/p>\n<h3><strong>Wrongful death lawsuits what you need to know?<\/strong><\/h3>\n<p>Wrongful death lawsuits can be difficult and emotional experience for those involved. It is necessary to be aware of your rights and understand the legal process to ensure that you make the right decision for yourself and your family members. It is necessary to be mindful of the applicable statutes of limitations, it is also essential to understand who is eligible to file a wrongful death lawsuit, and it is critical to have the required proof to back up your claim. <a href=\"https:\/\/ariellawgroup.com\/es\/practice-areas\/catastrophic-injury-and-wrongful-death\/wrongful-death-lawsuits\/\">Wrongful death lawsuits<\/a> can be a challenging experience, but understanding the legal process and your rights can help ensure that you and your family get the best outcome possible.<\/p>\n<h3><strong>What are the long-term consequences of catastrophic injuries?<\/strong><\/h3>\n<p>Catastrophic injuries can have life-altering consequences that often last for years if not a lifetime. These injuries can be physical, mental, emotional, or a combination. For instance, severe physical injuries may cause chronic pain, limited mobility, and a decreased quality of life. Mental injuries can lead to depression, anxiety, post-traumatic stress disorder, or other psychological issues. Emotional effects can be just as devastating, leading to losing relationships, financial hardship, and a sense of hopelessness. These <a href=\"https:\/\/ariellawgroup.com\/es\/practice-areas\/catastrophic-injury-and-wrongful-death\/consequences-of-catastrophic-injuries\/\">long-term consequences of catastrophic injuries<\/a> can be challenging to cope with and may require extensive professional help.<\/p>\n<h3><strong>How much is a wrongful death lawsuit worth in California?\u00a0<\/strong><\/h3>\n<p>A wrongful death case in California may be a challenging and emotionally fraught procedure. However, recognizing the potential worth of the case is crucial for anybody considering pursuing a wrongful death claim. The value of a <a href=\"https:\/\/ariellawgroup.com\/es\/practice-areas\/catastrophic-injury-and-wrongful-death\/wrongful-death-settlement-in-california\/\">wrongful death lawsuit in California<\/a> might vary greatly depending on the facts. The overall compensation may be influenced by factors such as the deceased&#8217;s age, employment, and financial contributions to the family. In addition, the court may examine the emotional impact of the death on the remaining family members and the extent to which their lives have been damaged. The amount of compensation granted in a wrongful death lawsuit in California will be determined by the case facts.<\/p>\n<h2 class=\"translation-block\">Cont\u00e1ctenos para\n            <span class=\"red-text\">obtener m\u00e1s informaci\u00f3n<\/span><\/h2>\n<div class=\"divider\"><\/div>\n<p>Si ha sufrido una lesi\u00f3n grave o perdi\u00f3 a un ser querido en un tr\u00e1gico accidente, programe una cita con uno de nuestros abogados para obtener m\u00e1s informaci\u00f3n sobre las posibles opciones de un recurso legal. Nos complace discutir nuestras credenciales o premios anteriores y la ley con mayor detalle.<\/p>\n<\/div>","protected":false},"excerpt":{"rendered":"<p>Lawyers Helping Southern California Families Recover From Catastrophic Injuries And Wrongful Death Catastrophic Injuries After An Accident: What You Should Know An accident that involves a catastrophic injury is traumatic, particularly if it was caused by the negligence of another person or entity. Both mentally or physically, your life is interrupted after an accident as [&hellip;]<\/p>\n","protected":false},"author":5,"featured_media":0,"parent":60,"menu_order":0,"comment_status":"closed","ping_status":"closed","template":"","meta":{"footnotes":""},"class_list":["post-64","page","type-page","status-publish","hentry"],"acf":[],"yoast_head":"<!-- This site is optimized with the Yoast SEO plugin v27.4 - https:\/\/yoast.com\/product\/yoast-seo-wordpress\/ -->\n<title>Best Catastrophic Injury Lawyer in Los Angeles, California | Ariel Law Group<\/title>\n<meta name=\"description\" content=\"In catastrophic injury or wrongful death cases, Ariel Law Group - Los Angeles Law Firm stands as your dedicated ally. Our Catastrophic Injury &amp; Wrongful Death Lawyer works tirelessly by your side.\" \/>\n<meta name=\"robots\" content=\"index, follow, max-snippet:-1, max-image-preview:large, max-video-preview:-1\" \/>\n<link rel=\"canonical\" href=\"https:\/\/ariellawgroup.com\/es\/practice-areas\/catastrophic-injury-and-wrongful-death\/\" \/>\n<meta property=\"og:locale\" content=\"es_ES\" \/>\n<meta property=\"og:type\" content=\"article\" \/>\n<meta property=\"og:title\" content=\"Best Catastrophic Injury Lawyer in Los Angeles, California | Ariel Law Group\" \/>\n<meta property=\"og:description\" content=\"In catastrophic injury or wrongful death cases, Ariel Law Group - Los Angeles Law Firm stands as your dedicated ally. Our Catastrophic Injury &amp; Wrongful Death Lawyer works tirelessly by your side.\" \/>\n<meta property=\"og:url\" content=\"https:\/\/ariellawgroup.com\/es\/practice-areas\/catastrophic-injury-and-wrongful-death\/\" \/>\n<meta property=\"og:site_name\" content=\"Ariel Law Group\" \/>\n<meta property=\"article:modified_time\" content=\"2025-11-21T07:41:49+00:00\" \/>\n<meta property=\"og:image\" content=\"https:\/\/ariellawgroup.com\/wp-content\/uploads\/2022\/07\/catastrophic-injuries-image.jpg\" \/>\n\t<meta property=\"og:image:width\" content=\"1800\" \/>\n\t<meta property=\"og:image:height\" content=\"1200\" \/>\n\t<meta property=\"og:image:type\" content=\"image\/jpeg\" \/>\n<meta name=\"twitter:card\" content=\"summary_large_image\" \/>\n<meta name=\"twitter:label1\" content=\"Tiempo de lectura\" \/>\n\t<meta name=\"twitter:data1\" content=\"5 minutos\" \/>\n<!-- \/ Yoast SEO plugin. -->","yoast_head_json":{"title":"Best Catastrophic Injury Lawyer in Los Angeles, California | Ariel Law Group","description":"In catastrophic injury or wrongful death cases, Ariel Law Group - Los Angeles Law Firm stands as your dedicated ally. Our Catastrophic Injury & Wrongful Death Lawyer works tirelessly by your side.","robots":{"index":"index","follow":"follow","max-snippet":"max-snippet:-1","max-image-preview":"max-image-preview:large","max-video-preview":"max-video-preview:-1"},"canonical":"https:\/\/ariellawgroup.com\/es\/practice-areas\/catastrophic-injury-and-wrongful-death\/","og_locale":"es_ES","og_type":"article","og_title":"Best Catastrophic Injury Lawyer in Los Angeles, California | Ariel Law Group","og_description":"In catastrophic injury or wrongful death cases, Ariel Law Group - Los Angeles Law Firm stands as your dedicated ally. Our Catastrophic Injury & Wrongful Death Lawyer works tirelessly by your side.","og_url":"https:\/\/ariellawgroup.com\/es\/practice-areas\/catastrophic-injury-and-wrongful-death\/","og_site_name":"Ariel Law Group","article_modified_time":"2025-11-21T07:41:49+00:00","og_image":[{"width":1800,"height":1200,"url":"https:\/\/ariellawgroup.com\/wp-content\/uploads\/2022\/07\/catastrophic-injuries-image.jpg","type":"image\/jpeg"}],"twitter_card":"summary_large_image","twitter_misc":{"Tiempo de lectura":"5 minutos"},"schema":{"@context":"https:\/\/schema.org","@graph":[{"@type":"WebPage","@id":"https:\/\/ariellawgroup.com\/practice-areas\/catastrophic-injury-and-wrongful-death\/","url":"https:\/\/ariellawgroup.com\/practice-areas\/catastrophic-injury-and-wrongful-death\/","name":"Best Catastrophic Injury Lawyer in Los Angeles, California | Ariel Law Group","isPartOf":{"@id":"https:\/\/ariellawgroup.com\/#website"},"primaryImageOfPage":{"@id":"https:\/\/ariellawgroup.com\/practice-areas\/catastrophic-injury-and-wrongful-death\/#primaryimage"},"image":{"@id":"https:\/\/ariellawgroup.com\/practice-areas\/catastrophic-injury-and-wrongful-death\/#primaryimage"},"thumbnailUrl":"https:\/\/ariellawgroup.com\/wp-content\/uploads\/2022\/07\/catastrophic-injuries-image-1024x683.jpg","datePublished":"2021-09-07T01:41:45+00:00","dateModified":"2025-11-21T07:41:49+00:00","description":"In catastrophic injury or wrongful death cases, Ariel Law Group - Los Angeles Law Firm stands as your dedicated ally. Our Catastrophic Injury & Wrongful Death Lawyer works tirelessly by your side.","breadcrumb":{"@id":"https:\/\/ariellawgroup.com\/practice-areas\/catastrophic-injury-and-wrongful-death\/#breadcrumb"},"inLanguage":"es","potentialAction":[{"@type":"ReadAction","target":["https:\/\/ariellawgroup.com\/practice-areas\/catastrophic-injury-and-wrongful-death\/"]}]},{"@type":"ImageObject","inLanguage":"es","@id":"https:\/\/ariellawgroup.com\/practice-areas\/catastrophic-injury-and-wrongful-death\/#primaryimage","url":"https:\/\/ariellawgroup.com\/wp-content\/uploads\/2022\/07\/catastrophic-injuries-image-1024x683.jpg","contentUrl":"https:\/\/ariellawgroup.com\/wp-content\/uploads\/2022\/07\/catastrophic-injuries-image-1024x683.jpg"},{"@type":"BreadcrumbList","@id":"https:\/\/ariellawgroup.com\/practice-areas\/catastrophic-injury-and-wrongful-death\/#breadcrumb","itemListElement":[{"@type":"ListItem","position":1,"name":"Home","item":"https:\/\/ariellawgroup.com\/"},{"@type":"ListItem","position":2,"name":"Practice Areas","item":"https:\/\/ariellawgroup.com\/practice-areas\/"},{"@type":"ListItem","position":3,"name":"Best Catastrophic Injury Lawyer in Los Angeles"}]},{"@type":"WebSite","@id":"https:\/\/ariellawgroup.com\/#website","url":"https:\/\/ariellawgroup.com\/","name":"Firma de abogados Ariel","description":"Firma de abogados Ariel","potentialAction":[{"@type":"SearchAction","target":{"@type":"EntryPoint","urlTemplate":"https:\/\/ariellawgroup.com\/?s={search_term_string}"},"query-input":{"@type":"PropertyValueSpecification","valueRequired":true,"valueName":"search_term_string"}}],"inLanguage":"es"}]}},"_links":{"self":[{"href":"https:\/\/ariellawgroup.com\/es\/wp-json\/wp\/v2\/pages\/64","targetHints":{"allow":["GET"]}}],"collection":[{"href":"https:\/\/ariellawgroup.com\/es\/wp-json\/wp\/v2\/pages"}],"about":[{"href":"https:\/\/ariellawgroup.com\/es\/wp-json\/wp\/v2\/types\/page"}],"author":[{"embeddable":true,"href":"https:\/\/ariellawgroup.com\/es\/wp-json\/wp\/v2\/users\/5"}],"replies":[{"embeddable":true,"href":"https:\/\/ariellawgroup.com\/es\/wp-json\/wp\/v2\/comments?post=64"}],"version-history":[{"count":9,"href":"https:\/\/ariellawgroup.com\/es\/wp-json\/wp\/v2\/pages\/64\/revisions"}],"predecessor-version":[{"id":1449,"href":"https:\/\/ariellawgroup.com\/es\/wp-json\/wp\/v2\/pages\/64\/revisions\/1449"}],"up":[{"embeddable":true,"href":"https:\/\/ariellawgroup.com\/es\/wp-json\/wp\/v2\/pages\/60"}],"wp:attachment":[{"href":"https:\/\/ariellawgroup.com\/es\/wp-json\/wp\/v2\/media?parent=64"}],"curies":[{"name":"wp","href":"https:\/\/api.w.org\/{rel}","templated":true}]}}