{"id":41,"date":"2021-09-06T21:18:16","date_gmt":"2021-09-06T21:18:16","guid":{"rendered":"https:\/\/ariellawgroup.com\/?page_id=41"},"modified":"2022-09-22T22:06:55","modified_gmt":"2022-09-22T22:06:55","slug":"frank-ariel","status":"publish","type":"page","link":"https:\/\/ariellawgroup.com\/es\/about-us\/frank-ariel\/","title":{"rendered":"Frank Ariel"},"content":{"rendered":"<h2><span class=\"red-text\">Frank<\/span> Ariel<\/h2>\n<p class=\"position\">Abogado Gerente<\/p>\n<p>Desde 1992 represento a miles de personas por las que he luchado contra las grandes y malas compa\u00f1\u00edas de seguros, como David luch\u00f3 contra Goliat y ayud\u00f3 a hacer justicia.<\/p>\n<h3>Educaci\u00f3n<\/h3>\n<p class=\"education translation-block\">JD, Facultad de Derecho de Whittier,\n            <span>BA, UCLA<\/span><\/p>","protected":false},"excerpt":{"rendered":"<p>Frank Ariel Managing Attorney Since 1992 I have represented thousands of people who I have fought for against the big, bad insurance companies, as David fought Goliath and helped serve justice. Education: JD, Whittier College of Law, BA, UCLA<\/p>","protected":false},"author":5,"featured_media":184,"parent":14,"menu_order":0,"comment_status":"closed","ping_status":"closed","template":"","meta":{"footnotes":""},"class_list":["post-41","page","type-page","status-publish","has-post-thumbnail","hentry"],"acf":[],"yoast_head":"<!-- This site is optimized with the Yoast SEO plugin v27.4 - https:\/\/yoast.com\/product\/yoast-seo-wordpress\/ -->\n<title>Frank Ariel Managing Attorney at Ariel Law Group<\/title>\n<meta name=\"description\" content=\"Frank Ariel is a managing attorney at Ariel Law Group in Los Angeles. To learn about his education, background, &amp; more, visit our website.\" \/>\n<meta name=\"robots\" content=\"index, follow, max-snippet:-1, max-image-preview:large, max-video-preview:-1\" \/>\n<link rel=\"canonical\" href=\"https:\/\/ariellawgroup.com\/es\/about-us\/frank-ariel\/\" \/>\n<meta property=\"og:locale\" content=\"es_ES\" \/>\n<meta property=\"og:type\" content=\"article\" \/>\n<meta property=\"og:title\" content=\"Frank Ariel Managing Attorney at Ariel Law Group\" \/>\n<meta property=\"og:description\" content=\"Frank Ariel is a managing attorney at Ariel Law Group in Los Angeles. To learn about his education, background, &amp; more, visit our website.\" \/>\n<meta property=\"og:url\" content=\"https:\/\/ariellawgroup.com\/es\/about-us\/frank-ariel\/\" \/>\n<meta property=\"og:site_name\" content=\"Ariel Law Group\" \/>\n<meta property=\"article:modified_time\" content=\"2022-09-22T22:06:55+00:00\" \/>\n<meta property=\"og:image\" content=\"https:\/\/ariellawgroup.com\/wp-content\/uploads\/2022\/01\/our-team-frank.png\" \/>\n\t<meta property=\"og:image:width\" content=\"606\" \/>\n\t<meta property=\"og:image:height\" content=\"909\" \/>\n\t<meta property=\"og:image:type\" content=\"image\/png\" \/>\n<meta name=\"twitter:card\" content=\"summary_large_image\" \/>\n<meta name=\"twitter:label1\" content=\"Tiempo de lectura\" \/>\n\t<meta name=\"twitter:data1\" content=\"1 minuto\" \/>\n<!-- \/ Yoast SEO plugin. -->","yoast_head_json":{"title":"Frank Ariel Managing Attorney at Ariel Law Group","description":"Frank Ariel is a managing attorney at Ariel Law Group in Los Angeles. To learn about his education, background, & more, visit our website.","robots":{"index":"index","follow":"follow","max-snippet":"max-snippet:-1","max-image-preview":"max-image-preview:large","max-video-preview":"max-video-preview:-1"},"canonical":"https:\/\/ariellawgroup.com\/es\/about-us\/frank-ariel\/","og_locale":"es_ES","og_type":"article","og_title":"Frank Ariel Managing Attorney at Ariel Law Group","og_description":"Frank Ariel is a managing attorney at Ariel Law Group in Los Angeles. To learn about his education, background, & more, visit our website.","og_url":"https:\/\/ariellawgroup.com\/es\/about-us\/frank-ariel\/","og_site_name":"Ariel Law Group","article_modified_time":"2022-09-22T22:06:55+00:00","og_image":[{"width":606,"height":909,"url":"https:\/\/ariellawgroup.com\/wp-content\/uploads\/2022\/01\/our-team-frank.png","type":"image\/png"}],"twitter_card":"summary_large_image","twitter_misc":{"Tiempo de lectura":"1 minuto"},"schema":{"@context":"https:\/\/schema.org","@graph":[{"@type":"WebPage","@id":"https:\/\/ariellawgroup.com\/about-us\/frank-ariel\/","url":"https:\/\/ariellawgroup.com\/about-us\/frank-ariel\/","name":"Frank Ariel Managing Attorney at Ariel Law Group","isPartOf":{"@id":"https:\/\/ariellawgroup.com\/#website"},"primaryImageOfPage":{"@id":"https:\/\/ariellawgroup.com\/about-us\/frank-ariel\/#primaryimage"},"image":{"@id":"https:\/\/ariellawgroup.com\/about-us\/frank-ariel\/#primaryimage"},"thumbnailUrl":"https:\/\/ariellawgroup.com\/wp-content\/uploads\/2022\/01\/our-team-frank.png","datePublished":"2021-09-06T21:18:16+00:00","dateModified":"2022-09-22T22:06:55+00:00","description":"Frank Ariel is a managing attorney at Ariel Law Group in Los Angeles. To learn about his education, background, & more, visit our website.","breadcrumb":{"@id":"https:\/\/ariellawgroup.com\/about-us\/frank-ariel\/#breadcrumb"},"inLanguage":"es","potentialAction":[{"@type":"ReadAction","target":["https:\/\/ariellawgroup.com\/about-us\/frank-ariel\/"]}]},{"@type":"ImageObject","inLanguage":"es","@id":"https:\/\/ariellawgroup.com\/about-us\/frank-ariel\/#primaryimage","url":"https:\/\/ariellawgroup.com\/wp-content\/uploads\/2022\/01\/our-team-frank.png","contentUrl":"https:\/\/ariellawgroup.com\/wp-content\/uploads\/2022\/01\/our-team-frank.png","width":606,"height":909},{"@type":"BreadcrumbList","@id":"https:\/\/ariellawgroup.com\/about-us\/frank-ariel\/#breadcrumb","itemListElement":[{"@type":"ListItem","position":1,"name":"Home","item":"https:\/\/ariellawgroup.com\/"},{"@type":"ListItem","position":2,"name":"About Us","item":"https:\/\/ariellawgroup.com\/about-us\/"},{"@type":"ListItem","position":3,"name":"Frank Ariel"}]},{"@type":"WebSite","@id":"https:\/\/ariellawgroup.com\/#website","url":"https:\/\/ariellawgroup.com\/","name":"Firma de abogados Ariel","description":"Firma de abogados Ariel","potentialAction":[{"@type":"SearchAction","target":{"@type":"EntryPoint","urlTemplate":"https:\/\/ariellawgroup.com\/?s={search_term_string}"},"query-input":{"@type":"PropertyValueSpecification","valueRequired":true,"valueName":"search_term_string"}}],"inLanguage":"es"}]}},"_links":{"self":[{"href":"https:\/\/ariellawgroup.com\/es\/wp-json\/wp\/v2\/pages\/41","targetHints":{"allow":["GET"]}}],"collection":[{"href":"https:\/\/ariellawgroup.com\/es\/wp-json\/wp\/v2\/pages"}],"about":[{"href":"https:\/\/ariellawgroup.com\/es\/wp-json\/wp\/v2\/types\/page"}],"author":[{"embeddable":true,"href":"https:\/\/ariellawgroup.com\/es\/wp-json\/wp\/v2\/users\/5"}],"replies":[{"embeddable":true,"href":"https:\/\/ariellawgroup.com\/es\/wp-json\/wp\/v2\/comments?post=41"}],"version-history":[{"count":8,"href":"https:\/\/ariellawgroup.com\/es\/wp-json\/wp\/v2\/pages\/41\/revisions"}],"predecessor-version":[{"id":462,"href":"https:\/\/ariellawgroup.com\/es\/wp-json\/wp\/v2\/pages\/41\/revisions\/462"}],"up":[{"embeddable":true,"href":"https:\/\/ariellawgroup.com\/es\/wp-json\/wp\/v2\/pages\/14"}],"wp:featuredmedia":[{"embeddable":true,"href":"https:\/\/ariellawgroup.com\/es\/wp-json\/wp\/v2\/media\/184"}],"wp:attachment":[{"href":"https:\/\/ariellawgroup.com\/es\/wp-json\/wp\/v2\/media?parent=41"}],"curies":[{"name":"wp","href":"https:\/\/api.w.org\/{rel}","templated":true}]}}