{"id":100,"date":"2021-09-09T14:52:01","date_gmt":"2021-09-09T14:52:01","guid":{"rendered":"https:\/\/ariellawgroup.com\/?page_id=100"},"modified":"2025-05-27T08:42:54","modified_gmt":"2025-05-27T08:42:54","slug":"video-center","status":"publish","type":"page","link":"https:\/\/ariellawgroup.com\/es\/about-us\/video-center\/","title":{"rendered":"Centro de video"},"content":{"rendered":"<p>Conozca a nuestros abogados y escuche consejos de profesionales sobre qu\u00e9 hacer si ha tenido un accidente, ley de seguros y lesiones personales en California, asuntos de indemnizaci\u00f3n laboral y otros tr\u00e1mites de su inter\u00e9s que puede ver en nuestro Centro de video.<\/p>","protected":false},"excerpt":{"rendered":"<p>Conozca a nuestros abogados y escuche consejos de profesionales sobre qu\u00e9 hacer si ha tenido un accidente, ley de seguros y lesiones personales en California, asuntos de indemnizaci\u00f3n laboral y otros tr\u00e1mites de su inter\u00e9s que puede ver en nuestro Centro de video.<\/p>","protected":false},"author":5,"featured_media":0,"parent":14,"menu_order":0,"comment_status":"closed","ping_status":"closed","template":"","meta":{"footnotes":""},"class_list":["post-100","page","type-page","status-publish","hentry"],"acf":[],"yoast_head":"<!-- This site is optimized with the Yoast SEO plugin v27.4 - https:\/\/yoast.com\/product\/yoast-seo-wordpress\/ -->\n<title>Informative Videos by Ariel Law Group<\/title>\n<meta name=\"description\" content=\"Meet our lawyers and hear tips from professionals for what to do if you have been in an accident and other matters that might interest you in our video center.\" \/>\n<meta name=\"robots\" content=\"index, follow, max-snippet:-1, max-image-preview:large, max-video-preview:-1\" \/>\n<link rel=\"canonical\" href=\"https:\/\/ariellawgroup.com\/es\/about-us\/video-center\/\" \/>\n<meta property=\"og:locale\" content=\"es_ES\" \/>\n<meta property=\"og:type\" content=\"article\" \/>\n<meta property=\"og:title\" content=\"Informative Videos by Ariel Law Group\" \/>\n<meta property=\"og:description\" content=\"Meet our lawyers and hear tips from professionals for what to do if you have been in an accident and other matters that might interest you in our video center.\" \/>\n<meta property=\"og:url\" content=\"https:\/\/ariellawgroup.com\/es\/about-us\/video-center\/\" \/>\n<meta property=\"og:site_name\" content=\"Ariel Law Group\" \/>\n<meta property=\"article:modified_time\" content=\"2025-05-27T08:42:54+00:00\" \/>\n<meta name=\"twitter:card\" content=\"summary_large_image\" \/>\n<meta name=\"twitter:label1\" content=\"Tiempo de lectura\" \/>\n\t<meta name=\"twitter:data1\" content=\"1 minuto\" \/>\n<!-- \/ Yoast SEO plugin. -->","yoast_head_json":{"title":"Informative Videos by Ariel Law Group","description":"Meet our lawyers and hear tips from professionals for what to do if you have been in an accident and other matters that might interest you in our video center.","robots":{"index":"index","follow":"follow","max-snippet":"max-snippet:-1","max-image-preview":"max-image-preview:large","max-video-preview":"max-video-preview:-1"},"canonical":"https:\/\/ariellawgroup.com\/es\/about-us\/video-center\/","og_locale":"es_ES","og_type":"article","og_title":"Informative Videos by Ariel Law Group","og_description":"Meet our lawyers and hear tips from professionals for what to do if you have been in an accident and other matters that might interest you in our video center.","og_url":"https:\/\/ariellawgroup.com\/es\/about-us\/video-center\/","og_site_name":"Ariel Law Group","article_modified_time":"2025-05-27T08:42:54+00:00","twitter_card":"summary_large_image","twitter_misc":{"Tiempo de lectura":"1 minuto"},"schema":{"@context":"https:\/\/schema.org","@graph":[{"@type":"WebPage","@id":"https:\/\/ariellawgroup.com\/about-us\/video-center\/","url":"https:\/\/ariellawgroup.com\/about-us\/video-center\/","name":"Informative Videos by Ariel Law Group","isPartOf":{"@id":"https:\/\/ariellawgroup.com\/#website"},"datePublished":"2021-09-09T14:52:01+00:00","dateModified":"2025-05-27T08:42:54+00:00","description":"Meet our lawyers and hear tips from professionals for what to do if you have been in an accident and other matters that might interest you in our video center.","breadcrumb":{"@id":"https:\/\/ariellawgroup.com\/about-us\/video-center\/#breadcrumb"},"inLanguage":"es","potentialAction":[{"@type":"ReadAction","target":["https:\/\/ariellawgroup.com\/about-us\/video-center\/"]}]},{"@type":"BreadcrumbList","@id":"https:\/\/ariellawgroup.com\/about-us\/video-center\/#breadcrumb","itemListElement":[{"@type":"ListItem","position":1,"name":"Home","item":"https:\/\/ariellawgroup.com\/"},{"@type":"ListItem","position":2,"name":"About Us","item":"https:\/\/ariellawgroup.com\/about-us\/"},{"@type":"ListItem","position":3,"name":"Video Center"}]},{"@type":"WebSite","@id":"https:\/\/ariellawgroup.com\/#website","url":"https:\/\/ariellawgroup.com\/","name":"Firma de abogados Ariel","description":"Firma de abogados Ariel","potentialAction":[{"@type":"SearchAction","target":{"@type":"EntryPoint","urlTemplate":"https:\/\/ariellawgroup.com\/?s={search_term_string}"},"query-input":{"@type":"PropertyValueSpecification","valueRequired":true,"valueName":"search_term_string"}}],"inLanguage":"es"}]}},"_links":{"self":[{"href":"https:\/\/ariellawgroup.com\/es\/wp-json\/wp\/v2\/pages\/100","targetHints":{"allow":["GET"]}}],"collection":[{"href":"https:\/\/ariellawgroup.com\/es\/wp-json\/wp\/v2\/pages"}],"about":[{"href":"https:\/\/ariellawgroup.com\/es\/wp-json\/wp\/v2\/types\/page"}],"author":[{"embeddable":true,"href":"https:\/\/ariellawgroup.com\/es\/wp-json\/wp\/v2\/users\/5"}],"replies":[{"embeddable":true,"href":"https:\/\/ariellawgroup.com\/es\/wp-json\/wp\/v2\/comments?post=100"}],"version-history":[{"count":11,"href":"https:\/\/ariellawgroup.com\/es\/wp-json\/wp\/v2\/pages\/100\/revisions"}],"predecessor-version":[{"id":587,"href":"https:\/\/ariellawgroup.com\/es\/wp-json\/wp\/v2\/pages\/100\/revisions\/587"}],"up":[{"embeddable":true,"href":"https:\/\/ariellawgroup.com\/es\/wp-json\/wp\/v2\/pages\/14"}],"wp:attachment":[{"href":"https:\/\/ariellawgroup.com\/es\/wp-json\/wp\/v2\/media?parent=100"}],"curies":[{"name":"wp","href":"https:\/\/api.w.org\/{rel}","templated":true}]}}